{"id":1171,"date":"2021-03-14T16:33:41","date_gmt":"2021-03-14T16:33:41","guid":{"rendered":"https:\/\/rotinaspiscinas.pt\/?page_id=1171"},"modified":"2021-04-21T22:02:31","modified_gmt":"2021-04-21T22:02:31","slug":"sobre-nos","status":"publish","type":"page","link":"https:\/\/rotinaspiscinas.pt\/index.php\/sobre-nos\/","title":{"rendered":"Sobre n\u00f3s"},"content":{"rendered":"<div class=\"fusion-fullwidth fullwidth-box fusion-builder-row-1 fusion-flex-container nonhundred-percent-fullwidth non-hundred-percent-height-scrolling\" style=\"background-color: rgba(255,255,255,0);background-position: center center;background-repeat: no-repeat;border-width: 0px 0px 0px 0px;border-color:#eae9e9;border-style:solid;\" ><div class=\"fusion-builder-row fusion-row fusion-flex-align-items-flex-start\" style=\"max-width:104%;margin-left: calc(-4% \/ 2 );margin-right: calc(-4% \/ 2 );\"><div class=\"fusion-layout-column fusion_builder_column fusion-builder-column-0 fusion_builder_column_1_2 1_2 fusion-flex-column\"><div class=\"fusion-column-wrapper fusion-flex-justify-content-flex-start fusion-content-layout-column\" style=\"background-position:left top;background-repeat:no-repeat;-webkit-background-size:cover;-moz-background-size:cover;-o-background-size:cover;background-size:cover;padding: 0px 0px 0px 0px;\"><div style=\"text-align:center;\"><span class=\" fusion-imageframe imageframe-none imageframe-1 hover-type-none\" style=\"width:100%;max-width:75%;\"><img alt=\"Sobre n\u00f3s\" width=\"1600\" height=\"1200\" title=\"3\" src=\"https:\/\/rotinaspiscinas.pt\/wp-content\/uploads\/2021\/03\/3.jpg\" class=\"img-responsive wp-image-1177\" srcset=\"https:\/\/rotinaspiscinas.pt\/wp-content\/uploads\/2021\/03\/3-200x150.jpg 200w, https:\/\/rotinaspiscinas.pt\/wp-content\/uploads\/2021\/03\/3-400x300.jpg 400w, https:\/\/rotinaspiscinas.pt\/wp-content\/uploads\/2021\/03\/3-600x450.jpg 600w, https:\/\/rotinaspiscinas.pt\/wp-content\/uploads\/2021\/03\/3-800x600.jpg 800w, https:\/\/rotinaspiscinas.pt\/wp-content\/uploads\/2021\/03\/3-1200x900.jpg 1200w, https:\/\/rotinaspiscinas.pt\/wp-content\/uploads\/2021\/03\/3.jpg 1600w\" sizes=\"(max-width: 1024px) 100vw, (max-width: 640px) 100vw, 1200px\" \/><\/span><\/div><\/div><\/div><style type=\"text\/css\">.fusion-body .fusion-builder-column-0{width:50% !important;margin-top : 0px;margin-bottom : 20px;}.fusion-builder-column-0 > .fusion-column-wrapper {padding-top : 0px !important;padding-right : 0px !important;margin-right : 3.84%;padding-bottom : 0px !important;padding-left : 0px !important;margin-left : 3.84%;}@media only screen and (max-width:1024px) {.fusion-body .fusion-builder-column-0{width:100% !important;order : 0;}.fusion-builder-column-0 > .fusion-column-wrapper {margin-right : 1.92%;margin-left : 1.92%;}}@media only screen and (max-width:640px) {.fusion-body .fusion-builder-column-0{width:100% !important;order : 0;}.fusion-builder-column-0 > .fusion-column-wrapper {margin-right : 1.92%;margin-left : 1.92%;}}<\/style><div class=\"fusion-layout-column fusion_builder_column fusion-builder-column-1 fusion_builder_column_1_2 1_2 fusion-flex-column\"><div class=\"fusion-column-wrapper fusion-flex-justify-content-flex-start fusion-content-layout-column\" style=\"background-position:left top;background-repeat:no-repeat;-webkit-background-size:cover;-moz-background-size:cover;-o-background-size:cover;background-size:cover;padding: 0px 0px 0px 0px;\"><div style=\"text-align:center;\"><span class=\" fusion-imageframe imageframe-none imageframe-2 hover-type-none\" style=\"width:100%;max-width:75%;\"><img alt=\"Sobre n\u00f3s\" width=\"1600\" height=\"1200\" title=\"2\" src=\"https:\/\/rotinaspiscinas.pt\/wp-content\/uploads\/2021\/03\/2.jpg\" class=\"img-responsive wp-image-1175\" srcset=\"https:\/\/rotinaspiscinas.pt\/wp-content\/uploads\/2021\/03\/2-200x150.jpg 200w, https:\/\/rotinaspiscinas.pt\/wp-content\/uploads\/2021\/03\/2-400x300.jpg 400w, https:\/\/rotinaspiscinas.pt\/wp-content\/uploads\/2021\/03\/2-600x450.jpg 600w, https:\/\/rotinaspiscinas.pt\/wp-content\/uploads\/2021\/03\/2-800x600.jpg 800w, https:\/\/rotinaspiscinas.pt\/wp-content\/uploads\/2021\/03\/2-1200x900.jpg 1200w, https:\/\/rotinaspiscinas.pt\/wp-content\/uploads\/2021\/03\/2.jpg 1600w\" sizes=\"(max-width: 1024px) 100vw, (max-width: 640px) 100vw, 1200px\" \/><\/span><\/div><\/div><\/div><style type=\"text\/css\">.fusion-body .fusion-builder-column-1{width:50% !important;margin-top : 0px;margin-bottom : 20px;}.fusion-builder-column-1 > .fusion-column-wrapper {padding-top : 0px !important;padding-right : 0px !important;margin-right : 3.84%;padding-bottom : 0px !important;padding-left : 0px !important;margin-left : 3.84%;}@media only screen and (max-width:1024px) {.fusion-body .fusion-builder-column-1{width:100% !important;order : 0;}.fusion-builder-column-1 > .fusion-column-wrapper {margin-right : 1.92%;margin-left : 1.92%;}}@media only screen and (max-width:640px) {.fusion-body .fusion-builder-column-1{width:100% !important;order : 0;}.fusion-builder-column-1 > .fusion-column-wrapper {margin-right : 1.92%;margin-left : 1.92%;}}<\/style><div class=\"fusion-layout-column fusion_builder_column fusion-builder-column-2 fusion_builder_column_1_1 1_1 fusion-flex-column\"><div class=\"fusion-column-wrapper fusion-flex-justify-content-flex-start fusion-content-layout-column\" style=\"background-position:left top;background-repeat:no-repeat;-webkit-background-size:cover;-moz-background-size:cover;-o-background-size:cover;background-size:cover;padding: 0px 0px 0px 0px;\"><div class=\"fusion-text fusion-text-1\"><h2 style=\"text-align: center;\">Quem somos<\/h2>\n<p style=\"text-align: center;\">A <strong>Rotinas Cristalinas<\/strong>, \u00e9 uma empresa especializada em constru\u00e7\u00e3o e manuten\u00e7\u00e3o de piscinas e wellness, desde a idealiza\u00e7\u00e3o e conce\u00e7\u00e3o at\u00e9 \u00e0 constru\u00e7\u00e3o. Conta atualmente com uma equipa comercial e t\u00e9cnica com mais de 12 anos de experi\u00eancia. E a prefer\u00eancia de mais de 1000 clientes, que veem na Rotinas Cristalinas profissionalismo, rapidez, confian\u00e7a e qualidade na constru\u00e7\u00e3o de piscinas e na manuten\u00e7\u00e3o dos seus equipamentos.<\/p>\n<p style=\"text-align: center;\">Comercializamos produtos e equipamentos para piscinas p\u00fablicas e privadas, centros de bem estar (welness) e criamos solu\u00e7\u00f5es para a constru\u00e7\u00e3o de novas piscinas.<\/p>\n<p style=\"text-align: center;\">O objetivo da Rotinas Cristalinas \u00e9 ser a melhor empresa de constru\u00e7\u00e3o e manuten\u00e7\u00e3o a n\u00edvel nacional, e ser reconhecida a n\u00edvel internacional. Pretendemos fidelizar os clientes, satisfazendo os mesmos.<\/p>\n<p style=\"text-align: center;\">Prestamos assist\u00eancia de Norte a Sul de Portugal, assistindo tamb\u00e9m a n\u00edvel internacional. Dispomos ainda de uma loja de venda ao p\u00fablico, situada no centro do pa\u00eds, \u00e0 beira da nacional N\u00ba1 e junto \u00e0 entrada da IC8.<\/p>\n<p style=\"text-align: center;\">Trabalhamos com marcas de alta qualidade, das mais confi\u00e1veis, no qual contamos com o fornecimento e apoio dos nossos principais fornecedores, nomeadamente, SCP, FLUIDRA, Eurocover, entre outros.<\/p>\n<ul>\n<li style=\"text-align: center;\"><strong>MISS\u00c3O<\/strong> &#8211; Atender as expetativas e necessidades dos clientes, proporcionando satisfa\u00e7\u00e3o, alegria e prazer.<\/li>\n<li style=\"text-align: center;\"><strong>VIS\u00c3O<\/strong> &#8211; Ser refer\u00eancia de excel\u00eancia em produtos e servi\u00e7os de piscinas e wellness.<\/li>\n<li style=\"text-align: center;\"><strong>VALORES<\/strong>\n<ul>\n<li style=\"text-align: center;\">Satisfa\u00e7\u00e3o do cliente<\/li>\n<li style=\"text-align: center;\">Valoriza\u00e7\u00e3o e respeito \u00e0s pessoas<\/li>\n<li style=\"text-align: center;\">Responsabilidade social<\/li>\n<li style=\"text-align: center;\">Respeito ao meio ambiente<\/li>\n<\/ul>\n<\/li>\n<\/ul>\n<\/div><\/div><\/div><style type=\"text\/css\">.fusion-body .fusion-builder-column-2{width:100% !important;margin-top : 40px;margin-bottom : 20px;}.fusion-builder-column-2 > .fusion-column-wrapper {padding-top : 0px !important;padding-right : 0px !important;margin-right : 1.92%;padding-bottom : 0px !important;padding-left : 0px !important;margin-left : 1.92%;}@media only screen and (max-width:1024px) {.fusion-body .fusion-builder-column-2{width:100% !important;order : 0;}.fusion-builder-column-2 > .fusion-column-wrapper {margin-right : 1.92%;margin-left : 1.92%;}}@media only screen and (max-width:640px) {.fusion-body .fusion-builder-column-2{width:100% !important;order : 0;}.fusion-builder-column-2 > .fusion-column-wrapper {margin-right : 1.92%;margin-left : 1.92%;}}<\/style><\/div><style type=\"text\/css\">.fusion-body .fusion-flex-container.fusion-builder-row-1{ padding-top : ;margin-top : 0px;padding-right : ;padding-bottom : ;margin-bottom : 0px;padding-left : ;}<\/style><\/div>\n","protected":false},"excerpt":{"rendered":"","protected":false},"author":1,"featured_media":0,"parent":0,"menu_order":0,"comment_status":"closed","ping_status":"closed","template":"","meta":[],"_links":{"self":[{"href":"https:\/\/rotinaspiscinas.pt\/index.php\/wp-json\/wp\/v2\/pages\/1171"}],"collection":[{"href":"https:\/\/rotinaspiscinas.pt\/index.php\/wp-json\/wp\/v2\/pages"}],"about":[{"href":"https:\/\/rotinaspiscinas.pt\/index.php\/wp-json\/wp\/v2\/types\/page"}],"author":[{"embeddable":true,"href":"https:\/\/rotinaspiscinas.pt\/index.php\/wp-json\/wp\/v2\/users\/1"}],"replies":[{"embeddable":true,"href":"https:\/\/rotinaspiscinas.pt\/index.php\/wp-json\/wp\/v2\/comments?post=1171"}],"version-history":[{"count":11,"href":"https:\/\/rotinaspiscinas.pt\/index.php\/wp-json\/wp\/v2\/pages\/1171\/revisions"}],"predecessor-version":[{"id":1324,"href":"https:\/\/rotinaspiscinas.pt\/index.php\/wp-json\/wp\/v2\/pages\/1171\/revisions\/1324"}],"wp:attachment":[{"href":"https:\/\/rotinaspiscinas.pt\/index.php\/wp-json\/wp\/v2\/media?parent=1171"}],"curies":[{"name":"wp","href":"https:\/\/api.w.org\/{rel}","templated":true}]}}