{"id":1286,"date":"2021-04-17T17:11:36","date_gmt":"2021-04-17T17:11:36","guid":{"rendered":"https:\/\/rotinaspiscinas.pt\/?page_id=1286"},"modified":"2021-04-17T20:46:26","modified_gmt":"2021-04-17T20:46:26","slug":"servicos","status":"publish","type":"page","link":"https:\/\/rotinaspiscinas.pt\/index.php\/servicos\/","title":{"rendered":"Servi\u00e7os"},"content":{"rendered":"<p><div class=\"fusion-fullwidth fullwidth-box fusion-builder-row-1 nonhundred-percent-fullwidth non-hundred-percent-height-scrolling fusion-equal-height-columns\" style=\"background-color: rgba(255,255,255,0);background-position: center center;background-repeat: no-repeat;padding-top:0px;padding-right:50px;padding-bottom:0px;padding-left:50px;margin-top: 0px;border-width: 0px 0px 0px 0px;border-color:#eae9e9;border-style:solid;\" id=\"servicos\" ><div class=\"fusion-builder-row fusion-row\"><div class=\"fusion-layout-column fusion_builder_column fusion-builder-column-0 fusion_builder_column_1_1 1_1 fusion-one-full fusion-column-first fusion-column-last\" style=\"margin-top:0px;margin-bottom:0px;\"><div class=\"fusion-column-wrapper fusion-flex-column-wrapper-legacy\" style=\"background-position:left top;background-repeat:no-repeat;-webkit-background-size:cover;-moz-background-size:cover;-o-background-size:cover;background-size:cover;padding: 0px 0px 0px 0px;\"><div class=\"fusion-column-content-centered\"><div class=\"fusion-column-content\"><div class=\"fusion-content-boxes content-boxes columns row fusion-columns-4 fusion-columns-total-4 fusion-content-boxes-1 content-boxes-clean-vertical content-left content-boxes-icon-on-top\" data-animationOffset=\"100%\" style=\"margin-top:0px;margin-bottom:0px;\"><style type=\"text\/css\">.fusion-content-boxes-1 .heading .content-box-heading {color:#1caad7;}\n\t\t\t\t\t.fusion-content-boxes-1 .fusion-content-box-hover .link-area-link-icon-hover .heading .content-box-heading,\n\t\t\t\t\t.fusion-content-boxes-1 .fusion-content-box-hover .link-area-link-icon-hover .heading .heading-link .content-box-heading,\n\t\t\t\t\t.fusion-content-boxes-1 .fusion-content-box-hover .link-area-box-hover .heading .content-box-heading,\n\t\t\t\t\t.fusion-content-boxes-1 .fusion-content-box-hover .link-area-box-hover .heading .heading-link .content-box-heading,\n\t\t\t\t\t.fusion-content-boxes-1 .fusion-content-box-hover .link-area-link-icon-hover.link-area-box .fusion-read-more,\n\t\t\t\t\t.fusion-content-boxes-1 .fusion-content-box-hover .link-area-link-icon-hover.link-area-box .fusion-read-more::after,\n\t\t\t\t\t.fusion-content-boxes-1 .fusion-content-box-hover .link-area-link-icon-hover.link-area-box .fusion-read-more::before,\n\t\t\t\t\t.fusion-content-boxes-1 .fusion-content-box-hover .fusion-read-more:hover:after,\n\t\t\t\t\t.fusion-content-boxes-1 .fusion-content-box-hover .fusion-read-more:hover:before,\n\t\t\t\t\t.fusion-content-boxes-1 .fusion-content-box-hover .fusion-read-more:hover,\n\t\t\t\t\t.fusion-content-boxes-1 .fusion-content-box-hover .link-area-box-hover.link-area-box .fusion-read-more,\n\t\t\t\t\t.fusion-content-boxes-1 .fusion-content-box-hover .link-area-box-hover.link-area-box .fusion-read-more::after,\n\t\t\t\t\t.fusion-content-boxes-1 .fusion-content-box-hover .link-area-box-hover.link-area-box .fusion-read-more::before,\n\t\t\t\t\t.fusion-content-boxes-1 .fusion-content-box-hover .link-area-link-icon-hover .icon .circle-no,\n\t\t\t\t\t.fusion-content-boxes-1 .heading .heading-link:hover .content-box-heading {\n\t\t\t\t\t\tcolor: #8dd4eb;\n\t\t\t\t\t}\n\t\t\t\t\t.fusion-content-boxes-1 .fusion-content-box-hover .link-area-box-hover .icon .circle-no {\n\t\t\t\t\t\tcolor: #8dd4eb !important;\n\t\t\t\t\t}.fusion-content-boxes-1 .fusion-content-box-hover .link-area-box.link-area-box-hover .fusion-content-box-button {background: #167faf;color: #ffffff;}.fusion-content-boxes-1 .fusion-content-box-hover .link-area-box.link-area-box-hover .fusion-content-box-button .fusion-button-text {color: #ffffff;}\n\t\t\t\t\t.fusion-content-boxes-1 .fusion-content-box-hover .link-area-link-icon-hover .heading .icon > span {\n\t\t\t\t\t\tbackground-color: #8dd4eb !important;\n\t\t\t\t\t}\n\t\t\t\t\t.fusion-content-boxes-1 .fusion-content-box-hover .link-area-box-hover .heading .icon > span {\n\t\t\t\t\t\tborder-color: #8dd4eb !important;\n\t\t\t\t\t}\n\t\t\t\t\t\t.fusion-content-boxes-1 .fusion-content-box-hover .link-area-link-icon-hover.icon-hover-animation-pulsate .fontawesome-icon:after,\n\t\t\t\t\t\t.fusion-content-boxes-1 .fusion-content-box-hover .link-area-box-hover.icon-hover-animation-pulsate .fontawesome-icon:after,\n\t\t\t\t\t\t.fusion-content-boxes-1 .fusion-content-box-hover .link-area-link-icon-hover.icon-wrapper-hover-animation-pulsate .icon span:after,\n\t\t\t\t\t\t.fusion-content-boxes-1 .fusion-content-box-hover .link-area-box-hover.icon-wrapper-hover-animation-pulsate .icon span:after {\n\t\t\t\t\t\t\t-webkit-box-shadow:0 0 0 2px rgba(255,255,255,0.1), 0 0 10px 10px #8dd4eb, 0 0 0 10px rgba(255,255,255,0.5);\n\t\t\t\t\t\t\t-moz-box-shadow:0 0 0 2px rgba(255,255,255,0.1), 0 0 10px 10px #8dd4eb, 0 0 0 10px rgba(255,255,255,0.5);\n\t\t\t\t\t\t\tbox-shadow: 0 0 0 2px rgba(255,255,255,0.1), 0 0 10px 10px #8dd4eb, 0 0 0 10px rgba(255,255,255,0.5);\n\t\t\t\t\t\t}\n\t\t\t\t\t<\/style><div style=\"border-color:rgba(255,255,255,0);\" class=\"fusion-column content-box-column content-box-column content-box-column-1 col-lg-3 col-md-3 col-sm-3 fusion-content-box-hover content-box-column-first-in-row\"><div class=\"col content-box-wrapper content-wrapper link-area-box icon-hover-animation-pulsate fusion-animated\" style=\"background-color:rgba(255,255,255,0);\" data-animationType=\"fadeInUp\" data-animationDuration=\"0.5\" data-animationOffset=\"100%\"><div class=\"heading heading-with-icon icon-left\"><div class=\"icon\"><i style=\"border-color:#333333;border-width:0px;background-color:#ffffff;box-sizing:content-box;height:60px;width:60px;line-height:60px;border-radius:50%;color:#1caad7;font-size:30px;\" aria-hidden=\"true\" class=\"fontawesome-icon fa-swimmer fas circle-yes\"><\/i><\/div><h1 class=\"content-box-heading\" style=\"font-size:18px;line-height:23px;\">CONSTRU\u00c7\u00c3O DE PISCINAS<\/h1><\/div><div class=\"fusion-clearfix\"><\/div><div class=\"content-container\" style=\"color:#666666;\">\n<div class=\"fusion-sep-clear\"><\/div><div class=\"fusion-separator\" style=\"margin-left: auto;margin-right: auto;margin-top:-5px;margin-bottom:10px;width:100%;max-width:75%;\"><div class=\"fusion-separator-border sep-single sep-solid\" style=\"border-color:#8dd4eb;border-top-width:2px;\"><\/div><\/div><div class=\"fusion-sep-clear\"><\/div>Constru\u00edmos a piscina dos seus sonhos. Visite-nos e pe\u00e7a o seu or\u00e7amento!<\/p>\n<\/div><\/div><\/div><div style=\"border-color:rgba(255,255,255,0);\" class=\"fusion-column content-box-column content-box-column content-box-column-2 col-lg-3 col-md-3 col-sm-3 fusion-content-box-hover \"><div class=\"col content-box-wrapper content-wrapper link-area-box icon-hover-animation-pulsate fusion-animated\" style=\"background-color:rgba(255,255,255,0);\" data-animationType=\"fadeInUp\" data-animationDuration=\"0.5\" data-animationOffset=\"100%\"><div class=\"heading heading-with-icon icon-left\"><div class=\"icon\"><i style=\"border-color:#333333;border-width:0px;background-color:#ffffff;box-sizing:content-box;height:60px;width:60px;line-height:60px;border-radius:50%;color:#1caad7;font-size:30px;\" aria-hidden=\"true\" class=\"fontawesome-icon fa-buffer fab circle-yes\"><\/i><\/div><h1 class=\"content-box-heading\" style=\"font-size:18px;line-height:23px;\">APLICA\u00c7\u00c3O DE REVESTIMENTOS<\/h1><\/div><div class=\"fusion-clearfix\"><\/div><div class=\"content-container\" style=\"color:#666666;\">\n<div class=\"fusion-sep-clear\"><\/div><div class=\"fusion-separator\" style=\"margin-left: auto;margin-right: auto;margin-top:-5px;margin-bottom:10px;width:100%;max-width:75%;\"><div class=\"fusion-separator-border sep-single sep-solid\" style=\"border-color:#8dd4eb;border-top-width:2px;\"><\/div><\/div><div class=\"fusion-sep-clear\"><\/div>Aplicamos tela, pastilha de vidro e cer\u00e2micas. Opte pela solu\u00e7\u00e3o mais indicada para si e para o seu or\u00e7amento.<\/p>\n<\/div><\/div><\/div><div style=\"border-color:rgba(255,255,255,0);\" class=\"fusion-column content-box-column content-box-column content-box-column-3 col-lg-3 col-md-3 col-sm-3 fusion-content-box-hover \"><div class=\"col content-box-wrapper content-wrapper link-area-box icon-hover-animation-pulsate fusion-animated\" style=\"background-color:rgba(255,255,255,0);\" data-animationType=\"fadeInUp\" data-animationDuration=\"0.5\" data-animationOffset=\"100%\"><div class=\"heading heading-with-icon icon-left\"><div class=\"icon\"><i style=\"border-color:#333333;border-width:0px;background-color:#ffffff;box-sizing:content-box;height:60px;width:60px;line-height:60px;border-radius:50%;color:#1caad7;font-size:30px;\" aria-hidden=\"true\" class=\"fontawesome-icon fa-swimming-pool fas circle-yes\"><\/i><\/div><h1 class=\"content-box-heading\" style=\"font-size:18px;line-height:23px;\">PISCINAS EM BET\u00c3O E BLOCOS<\/h1><\/div><div class=\"fusion-clearfix\"><\/div><div class=\"content-container\" style=\"color:#666666;\">\n<div class=\"fusion-sep-clear\"><\/div><div class=\"fusion-separator\" style=\"margin-left: auto;margin-right: auto;margin-top:-5px;margin-bottom:10px;width:100%;max-width:75%;\"><div class=\"fusion-separator-border sep-single sep-solid\" style=\"border-color:#8dd4eb;border-top-width:2px;\"><\/div><\/div><div class=\"fusion-sep-clear\"><\/div>As nossas piscinas s\u00e3o constru\u00eddas em blocos e bet\u00e3o, de diferentes dimens\u00f5es e formatos. Venha conhecer os nossos modelos!<\/p>\n<\/div><\/div><\/div><div style=\"border-color:rgba(255,255,255,0);\" class=\"fusion-column content-box-column content-box-column content-box-column-4 col-lg-3 col-md-3 col-sm-3 fusion-content-box-hover content-box-column-last content-box-column-last-in-row\"><div class=\"col content-box-wrapper content-wrapper link-area-box icon-hover-animation-pulsate fusion-animated\" style=\"background-color:rgba(255,255,255,0);\" data-animationType=\"fadeInUp\" data-animationDuration=\"0.5\" data-animationOffset=\"100%\"><div class=\"heading heading-with-icon icon-left\"><div class=\"icon\"><i style=\"border-color:#333333;border-width:0px;background-color:#ffffff;box-sizing:content-box;height:60px;width:60px;line-height:60px;border-radius:50%;color:#1caad7;font-size:30px;\" aria-hidden=\"true\" class=\"fontawesome-icon fa-shower fas circle-yes\"><\/i><\/div><h1 class=\"content-box-heading\" style=\"font-size:18px;line-height:23px;\">INSTALA\u00c7\u00c3O DE EQUIPAMENTOS<\/h1><\/div><div class=\"fusion-clearfix\"><\/div><div class=\"content-container\" style=\"color:#666666;\">\n<div class=\"fusion-sep-clear\"><\/div><div class=\"fusion-separator\" style=\"margin-left: auto;margin-right: auto;margin-top:-5px;margin-bottom:10px;width:100%;max-width:75%;\"><div class=\"fusion-separator-border sep-single sep-solid\" style=\"border-color:#8dd4eb;border-top-width:2px;\"><\/div><\/div><div class=\"fusion-sep-clear\"><\/div>Constru\u00edmos a piscina dos seus sonhos. <span style=\"font-family: var(--body_typography-font-family); font-size: var(--body_typography-font-size); font-style: var(--body_typography-font-style,normal); letter-spacing: var(--body_typography-letter-spacing);\">Visite-nos e pe\u00e7a o seu or\u00e7amento!<\/span><\/p>\n<\/div><\/div><\/div><style type=\"text\/css\">\n\t\t\t\t\t\t.fusion-content-boxes-1 .fusion-content-box-hover .heading-link:hover .icon i.circle-yes,\n\t\t\t\t\t\t.fusion-content-boxes-1 .fusion-content-box-hover .link-area-box:hover .heading-link .icon i.circle-yes,\n\t\t\t\t\t\t.fusion-content-boxes-1 .fusion-content-box-hover .link-area-link-icon-hover .heading .icon i.circle-yes,\n\t\t\t\t\t\t.fusion-content-boxes-1 .fusion-content-box-hover .link-area-box-hover .heading .icon i.circle-yes {\n\t\t\t\t\t\t\tbackground-color: #8dd4eb !important;\n\t\t\t\t\t\t\tborder-color: #8dd4eb !important;\n\t\t\t\t\t\t}<\/style><div class=\"fusion-clearfix\"><\/div><\/div><\/div><\/div><div class=\"fusion-clearfix\"><\/div><\/div><\/div><\/div><\/div><div class=\"fusion-fullwidth fullwidth-box fusion-builder-row-2 nonhundred-percent-fullwidth non-hundred-percent-height-scrolling fusion-equal-height-columns\" style=\"background-color: rgba(255,255,255,0);background-position: center center;background-repeat: no-repeat;padding-top:0px;padding-right:10%;padding-bottom:0px;padding-left:10%;margin-top: 0px;border-width: 0px 0px 0px 0px;border-color:#eae9e9;border-style:solid;\" ><div class=\"fusion-builder-row fusion-row\"><div class=\"fusion-layout-column fusion_builder_column fusion-builder-column-1 fusion_builder_column_1_1 1_1 fusion-one-full fusion-column-first fusion-column-last linha2-servicos\" style=\"margin-top:0px;margin-bottom:0px;\"><div class=\"fusion-column-wrapper fusion-flex-column-wrapper-legacy\" style=\"background-position:left top;background-repeat:no-repeat;-webkit-background-size:cover;-moz-background-size:cover;-o-background-size:cover;background-size:cover;padding: 0px 150px 0px 150px;\"><div class=\"fusion-column-content-centered\"><div class=\"fusion-column-content\"><div class=\"fusion-content-boxes content-boxes columns row fusion-columns-3 fusion-columns-total-3 fusion-content-boxes-2 content-boxes-clean-vertical content-left content-boxes-icon-on-top\" data-animationOffset=\"100%\" style=\"margin-top:0px;margin-bottom:0px;\"><style type=\"text\/css\">.fusion-content-boxes-2 .heading .content-box-heading {color:#1caad7;}\n\t\t\t\t\t.fusion-content-boxes-2 .fusion-content-box-hover .link-area-link-icon-hover .heading .content-box-heading,\n\t\t\t\t\t.fusion-content-boxes-2 .fusion-content-box-hover .link-area-link-icon-hover .heading .heading-link .content-box-heading,\n\t\t\t\t\t.fusion-content-boxes-2 .fusion-content-box-hover .link-area-box-hover .heading .content-box-heading,\n\t\t\t\t\t.fusion-content-boxes-2 .fusion-content-box-hover .link-area-box-hover .heading .heading-link .content-box-heading,\n\t\t\t\t\t.fusion-content-boxes-2 .fusion-content-box-hover .link-area-link-icon-hover.link-area-box .fusion-read-more,\n\t\t\t\t\t.fusion-content-boxes-2 .fusion-content-box-hover .link-area-link-icon-hover.link-area-box .fusion-read-more::after,\n\t\t\t\t\t.fusion-content-boxes-2 .fusion-content-box-hover .link-area-link-icon-hover.link-area-box .fusion-read-more::before,\n\t\t\t\t\t.fusion-content-boxes-2 .fusion-content-box-hover .fusion-read-more:hover:after,\n\t\t\t\t\t.fusion-content-boxes-2 .fusion-content-box-hover .fusion-read-more:hover:before,\n\t\t\t\t\t.fusion-content-boxes-2 .fusion-content-box-hover .fusion-read-more:hover,\n\t\t\t\t\t.fusion-content-boxes-2 .fusion-content-box-hover .link-area-box-hover.link-area-box .fusion-read-more,\n\t\t\t\t\t.fusion-content-boxes-2 .fusion-content-box-hover .link-area-box-hover.link-area-box .fusion-read-more::after,\n\t\t\t\t\t.fusion-content-boxes-2 .fusion-content-box-hover .link-area-box-hover.link-area-box .fusion-read-more::before,\n\t\t\t\t\t.fusion-content-boxes-2 .fusion-content-box-hover .link-area-link-icon-hover .icon .circle-no,\n\t\t\t\t\t.fusion-content-boxes-2 .heading .heading-link:hover .content-box-heading {\n\t\t\t\t\t\tcolor: #8dd4eb;\n\t\t\t\t\t}\n\t\t\t\t\t.fusion-content-boxes-2 .fusion-content-box-hover .link-area-box-hover .icon .circle-no {\n\t\t\t\t\t\tcolor: #8dd4eb !important;\n\t\t\t\t\t}.fusion-content-boxes-2 .fusion-content-box-hover .link-area-box.link-area-box-hover .fusion-content-box-button {background: #167faf;color: #ffffff;}.fusion-content-boxes-2 .fusion-content-box-hover .link-area-box.link-area-box-hover .fusion-content-box-button .fusion-button-text {color: #ffffff;}\n\t\t\t\t\t.fusion-content-boxes-2 .fusion-content-box-hover .link-area-link-icon-hover .heading .icon > span {\n\t\t\t\t\t\tbackground-color: #8dd4eb !important;\n\t\t\t\t\t}\n\t\t\t\t\t.fusion-content-boxes-2 .fusion-content-box-hover .link-area-box-hover .heading .icon > span {\n\t\t\t\t\t\tborder-color: #8dd4eb !important;\n\t\t\t\t\t}\n\t\t\t\t\t\t.fusion-content-boxes-2 .fusion-content-box-hover .link-area-link-icon-hover.icon-hover-animation-pulsate .fontawesome-icon:after,\n\t\t\t\t\t\t.fusion-content-boxes-2 .fusion-content-box-hover .link-area-box-hover.icon-hover-animation-pulsate .fontawesome-icon:after,\n\t\t\t\t\t\t.fusion-content-boxes-2 .fusion-content-box-hover .link-area-link-icon-hover.icon-wrapper-hover-animation-pulsate .icon span:after,\n\t\t\t\t\t\t.fusion-content-boxes-2 .fusion-content-box-hover .link-area-box-hover.icon-wrapper-hover-animation-pulsate .icon span:after {\n\t\t\t\t\t\t\t-webkit-box-shadow:0 0 0 2px rgba(255,255,255,0.1), 0 0 10px 10px #8dd4eb, 0 0 0 10px rgba(255,255,255,0.5);\n\t\t\t\t\t\t\t-moz-box-shadow:0 0 0 2px rgba(255,255,255,0.1), 0 0 10px 10px #8dd4eb, 0 0 0 10px rgba(255,255,255,0.5);\n\t\t\t\t\t\t\tbox-shadow: 0 0 0 2px rgba(255,255,255,0.1), 0 0 10px 10px #8dd4eb, 0 0 0 10px rgba(255,255,255,0.5);\n\t\t\t\t\t\t}\n\t\t\t\t\t<\/style><div style=\"border-color:rgba(255,255,255,0);\" class=\"fusion-column content-box-column content-box-column content-box-column-1 col-lg-4 col-md-4 col-sm-4 fusion-content-box-hover content-box-column-first-in-row\"><div class=\"col content-box-wrapper content-wrapper link-area-box icon-hover-animation-pulsate fusion-animated\" style=\"background-color:rgba(255,255,255,0);\" data-animationType=\"fadeInUp\" data-animationDuration=\"0.5\" data-animationOffset=\"100%\"><div class=\"heading heading-with-icon icon-left\"><div class=\"icon\"><i style=\"border-color:#333333;border-width:0px;background-color:#ffffff;box-sizing:content-box;height:60px;width:60px;line-height:60px;border-radius:50%;color:#1caad7;font-size:30px;\" aria-hidden=\"true\" class=\"fontawesome-icon fa-water fas circle-yes\"><\/i><\/div><h1 class=\"content-box-heading\" style=\"font-size:18px;line-height:23px;\">RESTAURO DE PISCINAS<\/h1><\/div><div class=\"fusion-clearfix\"><\/div><div class=\"content-container\" style=\"color:#666666;\">\n<div class=\"fusion-sep-clear\"><\/div><div class=\"fusion-separator\" style=\"margin-left: auto;margin-right: auto;margin-top:-5px;margin-bottom:10px;width:100%;max-width:75%;\"><div class=\"fusion-separator-border sep-single sep-solid\" style=\"border-color:#8dd4eb;border-top-width:2px;\"><\/div><\/div><div class=\"fusion-sep-clear\"><\/div>Fazemos altera\u00e7\u00e3o de estruturas, remodela\u00e7\u00e3o de revestimentos e repara\u00e7\u00e3o de fugas. <span style=\"font-family: var(--body_typography-font-family); font-size: var(--body_typography-font-size); font-style: var(--body_typography-font-style,normal); letter-spacing: var(--body_typography-letter-spacing);\">D\u00ea uma nova vida \u00e0 sua piscina!<\/span><\/p>\n<\/div><\/div><\/div><div style=\"border-color:rgba(255,255,255,0);\" class=\"fusion-column content-box-column content-box-column content-box-column-2 col-lg-4 col-md-4 col-sm-4 fusion-content-box-hover \"><div class=\"col content-box-wrapper content-wrapper link-area-box icon-hover-animation-pulsate fusion-animated\" style=\"background-color:rgba(255,255,255,0);\" data-animationType=\"fadeInUp\" data-animationDuration=\"0.5\" data-animationOffset=\"100%\"><div class=\"heading heading-with-icon icon-left\"><div class=\"icon\"><i style=\"border-color:#333333;border-width:0px;background-color:#ffffff;box-sizing:content-box;height:60px;width:60px;line-height:60px;border-radius:50%;color:#1caad7;font-size:30px;\" aria-hidden=\"true\" class=\"fontawesome-icon fa-tools fas circle-yes\"><\/i><\/div><h1 class=\"content-box-heading\" style=\"font-size:18px;line-height:23px;\">ASSIST\u00caNCIA T\u00c9CNICA<\/h1><\/div><div class=\"fusion-clearfix\"><\/div><div class=\"content-container\" style=\"color:#666666;\">\n<div class=\"fusion-sep-clear\"><\/div><div class=\"fusion-separator\" style=\"margin-left: auto;margin-right: auto;margin-top:-5px;margin-bottom:10px;width:100%;max-width:75%;\"><div class=\"fusion-separator-border sep-single sep-solid\" style=\"border-color:#8dd4eb;border-top-width:2px;\"><\/div><\/div><div class=\"fusion-sep-clear\"><\/div>Problemas com a sua piscina ou o seu equipamento? N\u00e3o procure mais, temos uma equipa t\u00e9cnica com mais de 12 anos de experi\u00eancia pronta a cuidar da sua piscina.<\/p>\n<\/div><\/div><\/div><div style=\"border-color:rgba(255,255,255,0);\" class=\"fusion-column content-box-column content-box-column content-box-column-3 col-lg-4 col-md-4 col-sm-4 fusion-content-box-hover content-box-column-last content-box-column-last-in-row\"><div class=\"col content-box-wrapper content-wrapper link-area-box icon-hover-animation-pulsate fusion-animated\" style=\"background-color:rgba(255,255,255,0);\" data-animationType=\"fadeInUp\" data-animationDuration=\"0.5\" data-animationOffset=\"100%\"><div class=\"heading heading-with-icon icon-left\"><div class=\"icon\"><i style=\"border-color:#333333;border-width:0px;background-color:#ffffff;box-sizing:content-box;height:60px;width:60px;line-height:60px;border-radius:50%;color:#1caad7;font-size:30px;\" aria-hidden=\"true\" class=\"fontawesome-icon fa-file-signature fas circle-yes\"><\/i><\/div><h1 class=\"content-box-heading\" style=\"font-size:18px;line-height:23px;\">CONTRATOS DE MANUTEN\u00c7\u00c3O<\/h1><\/div><div class=\"fusion-clearfix\"><\/div><div class=\"content-container\" style=\"color:#666666;\">\n<div class=\"fusion-sep-clear\"><\/div><div class=\"fusion-separator\" style=\"margin-left: auto;margin-right: auto;margin-top:-5px;margin-bottom:10px;width:100%;max-width:75%;\"><div class=\"fusion-separator-border sep-single sep-solid\" style=\"border-color:#8dd4eb;border-top-width:2px;\"><\/div><\/div><div class=\"fusion-sep-clear\"><\/div>Preocupa\u00e7\u00f5es com a sua piscina? N\u00e3o tenha! Mergulhe e deixe o resto connosco! Asseguramos o bem estar da sua piscina. Temos uma equipa especializada para mant\u00ea-la sempre cristalina.<\/p>\n<\/div><\/div><\/div><style type=\"text\/css\">\n\t\t\t\t\t\t.fusion-content-boxes-2 .fusion-content-box-hover .heading-link:hover .icon i.circle-yes,\n\t\t\t\t\t\t.fusion-content-boxes-2 .fusion-content-box-hover .link-area-box:hover .heading-link .icon i.circle-yes,\n\t\t\t\t\t\t.fusion-content-boxes-2 .fusion-content-box-hover .link-area-link-icon-hover .heading .icon i.circle-yes,\n\t\t\t\t\t\t.fusion-content-boxes-2 .fusion-content-box-hover .link-area-box-hover .heading .icon i.circle-yes {\n\t\t\t\t\t\t\tbackground-color: #8dd4eb !important;\n\t\t\t\t\t\t\tborder-color: #8dd4eb !important;\n\t\t\t\t\t\t}<\/style><div class=\"fusion-clearfix\"><\/div><\/div><\/div><\/div><div class=\"fusion-clearfix\"><\/div><\/div><\/div><\/div><\/div><\/p>\n","protected":false},"excerpt":{"rendered":"","protected":false},"author":1,"featured_media":0,"parent":0,"menu_order":0,"comment_status":"closed","ping_status":"closed","template":"","meta":[],"_links":{"self":[{"href":"https:\/\/rotinaspiscinas.pt\/index.php\/wp-json\/wp\/v2\/pages\/1286"}],"collection":[{"href":"https:\/\/rotinaspiscinas.pt\/index.php\/wp-json\/wp\/v2\/pages"}],"about":[{"href":"https:\/\/rotinaspiscinas.pt\/index.php\/wp-json\/wp\/v2\/types\/page"}],"author":[{"embeddable":true,"href":"https:\/\/rotinaspiscinas.pt\/index.php\/wp-json\/wp\/v2\/users\/1"}],"replies":[{"embeddable":true,"href":"https:\/\/rotinaspiscinas.pt\/index.php\/wp-json\/wp\/v2\/comments?post=1286"}],"version-history":[{"count":3,"href":"https:\/\/rotinaspiscinas.pt\/index.php\/wp-json\/wp\/v2\/pages\/1286\/revisions"}],"predecessor-version":[{"id":1289,"href":"https:\/\/rotinaspiscinas.pt\/index.php\/wp-json\/wp\/v2\/pages\/1286\/revisions\/1289"}],"wp:attachment":[{"href":"https:\/\/rotinaspiscinas.pt\/index.php\/wp-json\/wp\/v2\/media?parent=1286"}],"curies":[{"name":"wp","href":"https:\/\/api.w.org\/{rel}","templated":true}]}}