{"id":3,"date":"2019-08-21T10:16:49","date_gmt":"2019-08-21T10:16:49","guid":{"rendered":"http:\/\/rotinaspiscinas.pt\/?page_id=3"},"modified":"2021-05-27T21:03:20","modified_gmt":"2021-05-27T21:03:20","slug":"politica-de-privacidade","status":"publish","type":"page","link":"https:\/\/rotinaspiscinas.pt\/index.php\/politica-de-privacidade\/","title":{"rendered":"Pol\u00edtica de privacidade"},"content":{"rendered":"<div class=\"fusion-fullwidth fullwidth-box fusion-builder-row-1 fusion-flex-container nonhundred-percent-fullwidth non-hundred-percent-height-scrolling\" style=\"background-color: rgba(255,255,255,0);background-position: center center;background-repeat: no-repeat;border-width: 0px 0px 0px 0px;border-color:#eae9e9;border-style:solid;\" ><div class=\"fusion-builder-row fusion-row fusion-flex-align-items-flex-start\" style=\"max-width:104%;margin-left: calc(-4% \/ 2 );margin-right: calc(-4% \/ 2 );\"><div class=\"fusion-layout-column fusion_builder_column fusion-builder-column-0 fusion_builder_column_1_1 1_1 fusion-flex-column\"><div class=\"fusion-column-wrapper fusion-flex-justify-content-flex-start fusion-content-layout-column\" style=\"background-position:left top;background-repeat:no-repeat;-webkit-background-size:cover;-moz-background-size:cover;-o-background-size:cover;background-size:cover;padding: 0px 0px 0px 0px;\"><div class=\"fusion-text fusion-text-1\"><div id=\"thb-styled-header-81\" class=\"thb_styled_header style1\"><strong>Para que fins podemos utilizar os seus dados pessoais?<\/strong><\/div>\n<div class=\"wpb_text_column wpb_content_element \">\n<div class=\"wpb_wrapper\">\n<p><strong>Servi\u00e7o de apoio a clientes<\/strong>: utilizamos os seus Dados Pessoais para fins de servi\u00e7o de apoio ao cliente, incluindo responder \u00e0s suas quest\u00f5es. Esse processo envolve, normalmente, o uso de determinada informa\u00e7\u00e3o de contacto pessoal e informa\u00e7\u00e3o relacionada com o motivo da sua quest\u00e3o (por ex, quest\u00e3o t\u00e9cnica, quest\u00e3o\/reclama\u00e7\u00e3o sobre o produto\/servi\u00e7o, quest\u00e3o de natureza geral, etc.).<br \/>\n<strong>Concursos, marketing e outras promo\u00e7\u00f5es<\/strong>: mediante o seu consentimento, utilizamos os seus Dados Pessoais para lhe facultar informa\u00e7\u00e3o sobre produtos ou servi\u00e7os (por ex., comunica\u00e7\u00f5es ou campanhas de marketing ou promo\u00e7\u00f5es). Tal pode ocorrer atrav\u00e9s de meios como e-mail, an\u00fancios, contactos telef\u00f3nicos e correio postal. Algumas das nossas campanhas e promo\u00e7\u00f5es poder\u00e3o ser realizadas em Websites e\/ou redes sociais de terceiros.<br \/>\n<strong>Redes Sociais<\/strong>: utilizamos os seus dados pessoais sempre que interage com recursos de redes sociais de terceiros, tais como as fun\u00e7\u00f5es \u201cGosto\u201d para lhe apresentar an\u00fancios e comunicar consigo em redes sociais. Poder\u00e1 obter mais informa\u00e7\u00f5es sobre como funcionam estes recursos, consultando as respetivas defini\u00e7\u00f5es da rede social de terceiros.<br \/>\n<strong>Personaliza\u00e7\u00e3o (offline e online)<\/strong>: mediante o seu consentimento utilizamos os seus dados pessoais:<\/p>\n<p>i) para analisar as suas prefer\u00eancias e h\u00e1bitos;<br \/>\nii) para prever as suas necessidades com base na an\u00e1lise do seu perfil;<br \/>\niii) para melhorar e personalizar a sua experi\u00eancia nos nossos websites e apps;<br \/>\niv) para assegurar que o conte\u00fado do nosso website se encontra otimizado para si e para o seu computador ou dispositivo;<br \/>\nv) para lhe permitir participar em recursos interativos.<\/p>\n<p><strong>Outras finalidades gerais<\/strong>: utilizamos os seus dados pessoais para outros fins comerciais gerais, tais como a realiza\u00e7\u00e3o de estudos internos de marketing e demografia, bem como para avalia\u00e7\u00e3o da efic\u00e1cia de campanhas de publicidade.<br \/>\n<strong>Raz\u00f5es de ordem jur\u00eddica ou fus\u00e3o\/aquisi\u00e7\u00e3o<\/strong>: na eventualidade da <strong>ROTINAS CRISTALINAS \u2022 Piscinas &amp; Bem Estar<\/strong> ou os seus ativos serem adquiridos por outra empresa ou incorporada na mesma, incluindo razoes de insolv\u00eancia, poderemos partilhar os seus dados pessoais com qualquer um dos nossos sucessores legais.<\/p>\n<p><strong>Informa\u00e7\u00e3o Jur\u00eddica Relativa \u00e0 Prote\u00e7\u00e3o de Dados<\/strong><br \/>\nNa <strong>ROTINAS CRISTALINAS \u2022 Piscinas &amp; Bem Estar<\/strong> estamos cientes que a utiliza\u00e7\u00e3o dos seus dados pessoais requer que mesma se processe de forma consciente e com base numa rela\u00e7\u00e3o de confian\u00e7a.<br \/>\nRespeitamos a sua privacidade e processamos os seus dados no estreito respeito da legisla\u00e7\u00e3o em vigor.<br \/>\nEsta p\u00e1gina d\u00e1-lhe informa\u00e7\u00f5es sobre as nossas pol\u00edticas relativas \u00e0 recolha, utiliza\u00e7\u00e3o e divulga\u00e7\u00e3o de Informa\u00e7\u00f5es Pessoais quando utiliza o nosso Servi\u00e7o.<br \/>\nO Regulamento Geral de Prote\u00e7\u00e3o de Dados \u2013 Regulamento 2016\/679 de 27 de abril, considera que s\u00e3o dados pessoais a \u201cinforma\u00e7\u00e3o relativa a uma pessoa singular identificada ou identific\u00e1vel (\u00abtitular dos dados\u00bb). \u00c9 considerada identific\u00e1vel uma pessoa singular que possa ser identificada, direta ou indiretamente, em especial por refer\u00eancia a um identificador, como por exemplo um nome, um n\u00famero de identifica\u00e7\u00e3o, dados de localiza\u00e7\u00e3o, identificadores por via eletr\u00f3nica ou a um ou mais elementos espec\u00edficos da identidade f\u00edsica, fisiol\u00f3gica, gen\u00e9tica, mental, econ\u00f3mica, cultural ou social dessa pessoa singular.\u201d.<\/p>\n<p><strong>Como \u00e9 que mantemos os seus dados pessoais seguros?<br \/>\n<\/strong>Assumimos o compromisso de garantir a prote\u00e7\u00e3o da seguran\u00e7a dos dados pessoais que nos s\u00e3o disponibilizados, tendo aprovado e implementado rigorosas medidas, t\u00e9cnicas e organizativas, nesta mat\u00e9ria. O cumprimento destas regras constitui uma obriga\u00e7\u00e3o de todos aqueles que aos mesmos acedem.<\/p>\n<p>i) Acesso restrito aos seus dados pessoais;<br \/>\nii) Transfer\u00eancia de dados de forma encriptada;<br \/>\niii) Armazenamento de dados pessoais de forma encriptada;<br \/>\niv) Prote\u00e7\u00e3o dos sistemas de tecnologias de informa\u00e7\u00e3o atrav\u00e9s de firewalls;<br \/>\nv) Monitoriza\u00e7\u00e3o permanente dos acessos aos sistemas de tecnologia da informa\u00e7\u00e3o, prevenindo, detetando e impedindo o uso indevido dos seus dados.<\/p>\n<p><strong>Como \u00e9 que pode aceder, alterar, retificar os seus dados pessoais ou retirar o seu consentimento?<\/strong><br \/>\nNa <strong>ROTINAS CRISTALINAS \u2022 Piscinas &amp; Bem Estar<\/strong> garantimos os meios que permitam o seu acesso, na qualidade de Titular dos Dados, aos seus dados pessoais. Caso pretenda aceder aos seus dados pessoais, entre em contacto com <a href=\"mailto:epd@rotinaspiscinas.pt\">epd@rotinaspiscinas.pt<\/a>.<br \/>\nO Titular dos Dados tem o direito de solicitar, a qualquer momento, a retifica\u00e7\u00e3o dos seus dados pessoais junto do encarregado de prote\u00e7\u00e3o de dados<a href=\"mailto:epd@rotinaspiscinas.pt\"> epd@rotinaspiscinas.pt<\/a>.<br \/>\nO Titular dos Dados tem o direito de retirar, a qualquer momento, o consentimento prestado ou requerer a elimina\u00e7\u00e3o dos seus dados pessoais junto do encarregado de prote\u00e7\u00e3o de dados <a href=\"mailto:epd@rotinaspiscinas.pt\">epd@rotinaspiscinas.pt<\/a>.<\/p>\n<p>Informamos que tem o direito de apresentar qualquer reclama\u00e7\u00e3o junto da autoridade de controlo \u2013 Comiss\u00e3o Nacional de Prote\u00e7\u00e3o de Dados, Rua de S\u00e3o Bento, n\u00ba 148, 3\u00ba, 1200-812 Lisboa, Tel. +351213928400, Fax. +351213976832; email: geral@cnpd.pt.<\/p>\n<p><strong>Privacidade das Crian\u00e7as<\/strong><br \/>\nO nosso Servi\u00e7o n\u00e3o se dirige a menores de 16 anos (\u201cCrian\u00e7as\u201d). Os dados de crian\u00e7as s\u00f3 s\u00e3o recolhidos mediante autoriza\u00e7\u00e3o do titular das responsabilidades parentais, pelo que n\u00e3o recolhemos intencionalmente informa\u00e7\u00f5es de identifica\u00e7\u00e3o pessoal de crian\u00e7as. Caso seja o titular das responsabilidades parentais ou tutor, e tenha conhecimento de que o seu filho ou tutorado nos forneceu informa\u00e7\u00f5es pessoais, entre em contacto com o encarregado de prote\u00e7\u00e3o de dados <a href=\"mailto:epd@rotinaspiscinas.pt\">epd@rotinaspiscinas.pt<\/a>.<br \/>\nCaso tenhamos conhecimento de que recolhemos Informa\u00e7\u00f5es Pessoais de crian\u00e7as menores de 16 anos sem o respetivo consentimento, tomaremos de imediato medidas para remover essas informa\u00e7\u00f5es dos nossos servidores.<\/p>\n<p><strong>Durante quanto tempo conservamos os seus dados pessoais?<\/strong><br \/>\nQuando n\u00e3o existe uma obriga\u00e7\u00e3o legal de conserva\u00e7\u00e3o dos dados pessoais, os seus dados pessoais ser\u00e3o conservados pelo tempo necess\u00e1rio para a finalidade para a qual foram recolhidos, findo o qual os mesmos ser\u00e3o anonimizados ou destru\u00eddos.<br \/>\nNo \u00e2mbito das finalidades descritas nesta Pol\u00edtica de Privacidade, os seus dados pessoais ir\u00e3o ser conservados at\u00e9 ao prazo m\u00e1ximo de 12 meses, contados a partir do \u00faltimo contacto realizado.<\/p>\n<p><strong>Altera\u00e7\u00f5es a esta Pol\u00edtica de Privacidade<br \/>\n<\/strong>Podemos atualizar a nossa Pol\u00edtica de Privacidade periodicamente. Avis\u00e1-lo-emos de quaisquer altera\u00e7\u00f5es publicando a nova Pol\u00edtica de Privacidade nesta p\u00e1gina.<\/p>\n<p><strong>Contacte-nos<\/strong><br \/>\nSe tiver alguma quest\u00e3o relacionada com a utiliza\u00e7\u00e3o dos seus dados pessoais poder\u00e1 contactar o nosso Encarregado de Prote\u00e7\u00e3o de Dados atrav\u00e9s do seguinte endere\u00e7o de e-mail: <a href=\"mailto:epd@rotinaspiscinas.pt\">epd@rotinaspiscinas.pt<\/a>.<\/p>\n<p>20 de Maio de 2021<\/p>\n<\/div>\n<\/div>\n<\/div><\/div><\/div><style type=\"text\/css\">.fusion-body .fusion-builder-column-0{width:100% !important;margin-top : 0px;margin-bottom : 20px;}.fusion-builder-column-0 > .fusion-column-wrapper {padding-top : 0px !important;padding-right : 0px !important;margin-right : 1.92%;padding-bottom : 0px !important;padding-left : 0px !important;margin-left : 1.92%;}@media only screen and (max-width:1024px) {.fusion-body .fusion-builder-column-0{width:100% !important;order : 0;}.fusion-builder-column-0 > .fusion-column-wrapper {margin-right : 1.92%;margin-left : 1.92%;}}@media only screen and (max-width:640px) {.fusion-body .fusion-builder-column-0{width:100% !important;order : 0;}.fusion-builder-column-0 > .fusion-column-wrapper {margin-right : 1.92%;margin-left : 1.92%;}}<\/style><\/div><style type=\"text\/css\">.fusion-body .fusion-flex-container.fusion-builder-row-1{ padding-top : ;margin-top : 0px;padding-right : ;padding-bottom : ;margin-bottom : 0px;padding-left : ;}<\/style><\/div>\n","protected":false},"excerpt":{"rendered":"","protected":false},"author":1,"featured_media":0,"parent":0,"menu_order":0,"comment_status":"closed","ping_status":"closed","template":"","meta":[],"_links":{"self":[{"href":"https:\/\/rotinaspiscinas.pt\/index.php\/wp-json\/wp\/v2\/pages\/3"}],"collection":[{"href":"https:\/\/rotinaspiscinas.pt\/index.php\/wp-json\/wp\/v2\/pages"}],"about":[{"href":"https:\/\/rotinaspiscinas.pt\/index.php\/wp-json\/wp\/v2\/types\/page"}],"author":[{"embeddable":true,"href":"https:\/\/rotinaspiscinas.pt\/index.php\/wp-json\/wp\/v2\/users\/1"}],"replies":[{"embeddable":true,"href":"https:\/\/rotinaspiscinas.pt\/index.php\/wp-json\/wp\/v2\/comments?post=3"}],"version-history":[{"count":4,"href":"https:\/\/rotinaspiscinas.pt\/index.php\/wp-json\/wp\/v2\/pages\/3\/revisions"}],"predecessor-version":[{"id":1348,"href":"https:\/\/rotinaspiscinas.pt\/index.php\/wp-json\/wp\/v2\/pages\/3\/revisions\/1348"}],"wp:attachment":[{"href":"https:\/\/rotinaspiscinas.pt\/index.php\/wp-json\/wp\/v2\/media?parent=3"}],"curies":[{"name":"wp","href":"https:\/\/api.w.org\/{rel}","templated":true}]}}