{"id":1004,"date":"2021-03-14T14:32:50","date_gmt":"2021-03-14T14:32:50","guid":{"rendered":"https:\/\/rotinaspiscinas.pt\/?post_type=product&#038;p=1004"},"modified":"2021-03-14T14:40:10","modified_gmt":"2021-03-14T14:40:10","slug":"bitermico","status":"publish","type":"product","link":"https:\/\/rotinaspiscinas.pt\/index.php\/product\/bitermico\/","title":{"rendered":"Bitermico"},"content":{"rendered":"<p>Chuveiro com termo regula\u00e7\u00e3o de contraste atrav\u00e9s de um controlo eletr\u00f3nico que permite a sele\u00e7\u00e3o de v\u00e1rios programas com sequ\u00eancias de \u00e1gua quente e fria. Aproveite ao m\u00e1ximo os efeitos reconhecidos dos \u00f3leos essenciais que combinados com \u00e1gua quente e fria fornecem um efeito relaxante, estimulante, anti-stress, hidratante, etc.<\/p>\n","protected":false},"excerpt":{"rendered":"<p>Chuveiro com termo regula\u00e7\u00e3o de contraste atrav\u00e9s de um controlo [&hellip;]<\/p>\n","protected":false},"featured_media":1010,"template":"","meta":[],"_links":{"self":[{"href":"https:\/\/rotinaspiscinas.pt\/index.php\/wp-json\/wp\/v2\/product\/1004"}],"collection":[{"href":"https:\/\/rotinaspiscinas.pt\/index.php\/wp-json\/wp\/v2\/product"}],"about":[{"href":"https:\/\/rotinaspiscinas.pt\/index.php\/wp-json\/wp\/v2\/types\/product"}],"wp:featuredmedia":[{"embeddable":true,"href":"https:\/\/rotinaspiscinas.pt\/index.php\/wp-json\/wp\/v2\/media\/1010"}],"wp:attachment":[{"href":"https:\/\/rotinaspiscinas.pt\/index.php\/wp-json\/wp\/v2\/media?parent=1004"}],"curies":[{"name":"wp","href":"https:\/\/api.w.org\/{rel}","templated":true}]}}