{"id":1005,"date":"2021-03-14T14:32:52","date_gmt":"2021-03-14T14:32:52","guid":{"rendered":"https:\/\/rotinaspiscinas.pt\/?post_type=product&#038;p=1005"},"modified":"2021-03-14T14:32:53","modified_gmt":"2021-03-14T14:32:53","slug":"sensacoes","status":"publish","type":"product","link":"https:\/\/rotinaspiscinas.pt\/index.php\/product\/sensacoes\/","title":{"rendered":"Sensa\u00e7\u00f5es"},"content":{"rendered":"<p>Chuveiro bit\u00e9rmico com prato superior de 800 mm de di\u00e2metro, 3 projetores para cromoterapia (vermelho, verde e azul) com 3 temperaturas e ilumina\u00e7\u00e3o crom\u00e1tica correspondente (36 \u00baC luz<br \/>\nvermelha, 32 \u00baC luz verde, 15 \u00baC luz azul).<\/p>\n","protected":false},"excerpt":{"rendered":"<p>Chuveiro bit\u00e9rmico com prato superior de 800 mm de di\u00e2metro, [&hellip;]<\/p>\n","protected":false},"featured_media":1011,"template":"","meta":[],"_links":{"self":[{"href":"https:\/\/rotinaspiscinas.pt\/index.php\/wp-json\/wp\/v2\/product\/1005"}],"collection":[{"href":"https:\/\/rotinaspiscinas.pt\/index.php\/wp-json\/wp\/v2\/product"}],"about":[{"href":"https:\/\/rotinaspiscinas.pt\/index.php\/wp-json\/wp\/v2\/types\/product"}],"wp:featuredmedia":[{"embeddable":true,"href":"https:\/\/rotinaspiscinas.pt\/index.php\/wp-json\/wp\/v2\/media\/1011"}],"wp:attachment":[{"href":"https:\/\/rotinaspiscinas.pt\/index.php\/wp-json\/wp\/v2\/media?parent=1005"}],"curies":[{"name":"wp","href":"https:\/\/api.w.org\/{rel}","templated":true}]}}