{"id":1007,"date":"2021-03-14T14:33:27","date_gmt":"2021-03-14T14:33:27","guid":{"rendered":"https:\/\/rotinaspiscinas.pt\/?post_type=product&#038;p=1007"},"modified":"2021-03-14T14:33:27","modified_gmt":"2021-03-14T14:33:27","slug":"duche-sensoriais-vichy","status":"publish","type":"product","link":"https:\/\/rotinaspiscinas.pt\/index.php\/product\/duche-sensoriais-vichy\/","title":{"rendered":"Duche sensoriais VICHY"},"content":{"rendered":"<p>Composto por 5 ou 7 chuveiros por onde a \u00e1gua ai, simulando a chuva. Sistema com painel de controlo, onde a temperatura e press\u00e3o podem ser ajustadas, o que torna esta experi\u00eancia ainda mais relaxante e espetacular.<\/p>\n<p>Produz um efeito relaxante e de descontra\u00e7\u00e3o, oferecendo uma massagem local estimulando nossos m\u00fasculos e a microcircula\u00e7\u00e3o perif\u00e9rica.<\/p>\n","protected":false},"excerpt":{"rendered":"<p>Composto por 5 ou 7 chuveiros por onde a \u00e1gua [&hellip;]<\/p>\n","protected":false},"featured_media":1013,"template":"","meta":[],"_links":{"self":[{"href":"https:\/\/rotinaspiscinas.pt\/index.php\/wp-json\/wp\/v2\/product\/1007"}],"collection":[{"href":"https:\/\/rotinaspiscinas.pt\/index.php\/wp-json\/wp\/v2\/product"}],"about":[{"href":"https:\/\/rotinaspiscinas.pt\/index.php\/wp-json\/wp\/v2\/types\/product"}],"wp:featuredmedia":[{"embeddable":true,"href":"https:\/\/rotinaspiscinas.pt\/index.php\/wp-json\/wp\/v2\/media\/1013"}],"wp:attachment":[{"href":"https:\/\/rotinaspiscinas.pt\/index.php\/wp-json\/wp\/v2\/media?parent=1007"}],"curies":[{"name":"wp","href":"https:\/\/api.w.org\/{rel}","templated":true}]}}