{"id":1009,"date":"2021-03-14T14:33:55","date_gmt":"2021-03-14T14:33:55","guid":{"rendered":"https:\/\/rotinaspiscinas.pt\/?post_type=product&#038;p=1009"},"modified":"2021-03-14T14:33:55","modified_gmt":"2021-03-14T14:33:55","slug":"duche-sensoriais-redondo","status":"publish","type":"product","link":"https:\/\/rotinaspiscinas.pt\/index.php\/product\/duche-sensoriais-redondo\/","title":{"rendered":"Duche sensoriais Redondo"},"content":{"rendered":"<p>Painel t\u00e9cnico modular de poliestileno expandido de alta densidade (eps)<\/p>\n<ul>\n<li>Refor\u00e7ado com malha de fibra, permite trabalhar em sistemas de constru\u00e7\u00e3o para fabrica\u00e7\u00e3o sob medida e de acordo com as diferentes necessidades de cada projeto.<\/li>\n<li>Grande isolamento t\u00e9rmico, hidrofugo, ideal para zonas humidas, que permite a facil istala\u00e7\u00e3o de diferentes revestimentos.<\/li>\n<li>Fabrica\u00e7\u00e3o sob medida, no formato kit de pr\u00e9-montagem, o que permite uma f\u00e1cil instala\u00e7\u00e3o no local e permite adapta\u00e7\u00e3o a qualquer necessidade do projeto.<\/li>\n<li>Utilizados no fabrico de banhos vapor, bancos de hidromassagem, spas, cabines de duche, pediluvios, piscinas elevadas, elementos modulares de piscinas, etc.<\/li>\n<\/ul>\n","protected":false},"excerpt":{"rendered":"<p>Painel t\u00e9cnico modular de poliestileno expandido de alta densidade (eps) [&hellip;]<\/p>\n","protected":false},"featured_media":1015,"template":"","meta":[],"_links":{"self":[{"href":"https:\/\/rotinaspiscinas.pt\/index.php\/wp-json\/wp\/v2\/product\/1009"}],"collection":[{"href":"https:\/\/rotinaspiscinas.pt\/index.php\/wp-json\/wp\/v2\/product"}],"about":[{"href":"https:\/\/rotinaspiscinas.pt\/index.php\/wp-json\/wp\/v2\/types\/product"}],"wp:featuredmedia":[{"embeddable":true,"href":"https:\/\/rotinaspiscinas.pt\/index.php\/wp-json\/wp\/v2\/media\/1015"}],"wp:attachment":[{"href":"https:\/\/rotinaspiscinas.pt\/index.php\/wp-json\/wp\/v2\/media?parent=1009"}],"curies":[{"name":"wp","href":"https:\/\/api.w.org\/{rel}","templated":true}]}}