{"id":1018,"date":"2021-03-14T14:36:44","date_gmt":"2021-03-14T14:36:44","guid":{"rendered":"https:\/\/rotinaspiscinas.pt\/?post_type=product&#038;p=1018"},"modified":"2021-03-14T14:36:44","modified_gmt":"2021-03-14T14:36:44","slug":"marquesa-de-tratamento","status":"publish","type":"product","link":"https:\/\/rotinaspiscinas.pt\/index.php\/product\/marquesa-de-tratamento\/","title":{"rendered":"Marquesa de Tratamento"},"content":{"rendered":"<ul>\n<li>4 motores que regulam a altura e inclina\u00e7\u00e3o do encosto.<\/li>\n<li>Colch\u00e3o de uma pe\u00e7a com 3 sec\u00e7\u00f5es.<\/li>\n<li>Dimens\u00f5es: 198 x 76 x 66-87 cm.<\/li>\n<li>Peso: 104 kg.<\/li>\n<\/ul>\n","protected":false},"excerpt":{"rendered":"<p>4 motores que regulam a altura e inclina\u00e7\u00e3o do encosto. [&hellip;]<\/p>\n","protected":false},"featured_media":1021,"template":"","meta":[],"_links":{"self":[{"href":"https:\/\/rotinaspiscinas.pt\/index.php\/wp-json\/wp\/v2\/product\/1018"}],"collection":[{"href":"https:\/\/rotinaspiscinas.pt\/index.php\/wp-json\/wp\/v2\/product"}],"about":[{"href":"https:\/\/rotinaspiscinas.pt\/index.php\/wp-json\/wp\/v2\/types\/product"}],"wp:featuredmedia":[{"embeddable":true,"href":"https:\/\/rotinaspiscinas.pt\/index.php\/wp-json\/wp\/v2\/media\/1021"}],"wp:attachment":[{"href":"https:\/\/rotinaspiscinas.pt\/index.php\/wp-json\/wp\/v2\/media?parent=1018"}],"curies":[{"name":"wp","href":"https:\/\/api.w.org\/{rel}","templated":true}]}}