{"id":1045,"date":"2021-03-14T14:47:20","date_gmt":"2021-03-14T14:47:20","guid":{"rendered":"https:\/\/rotinaspiscinas.pt\/?post_type=product&#038;p=1045"},"modified":"2021-03-14T14:47:20","modified_gmt":"2021-03-14T14:47:20","slug":"sauna-basic","status":"publish","type":"product","link":"https:\/\/rotinaspiscinas.pt\/index.php\/product\/sauna-basic\/","title":{"rendered":"Sauna BASIC"},"content":{"rendered":"<ul>\n<li>Interior em design Easy<\/li>\n<li>Constru\u00e7\u00e3o em madeira maci\u00e7a de pinho<\/li>\n<li>Fachada em madeira com porta em vidro<\/li>\n<li>2 bancos de 50cm<\/li>\n<li>1 Encosto de cabe\u00e7a<\/li>\n<li>1 Porta de ventila\u00e7\u00e3o<\/li>\n<li>1 Prote\u00e7\u00e3o de seguran\u00e7a do aquecedor<\/li>\n<li>1 Candeeiro com prote\u00e7\u00e3o (n\u00e3o inclui l\u00e2mpada)<\/li>\n<li>Instru\u00e7\u00f5es de montagem<\/li>\n<\/ul>\n","protected":false},"excerpt":{"rendered":"<p>Interior em design Easy Constru\u00e7\u00e3o em madeira maci\u00e7a de pinho [&hellip;]<\/p>\n","protected":false},"featured_media":1048,"template":"","meta":[],"_links":{"self":[{"href":"https:\/\/rotinaspiscinas.pt\/index.php\/wp-json\/wp\/v2\/product\/1045"}],"collection":[{"href":"https:\/\/rotinaspiscinas.pt\/index.php\/wp-json\/wp\/v2\/product"}],"about":[{"href":"https:\/\/rotinaspiscinas.pt\/index.php\/wp-json\/wp\/v2\/types\/product"}],"wp:featuredmedia":[{"embeddable":true,"href":"https:\/\/rotinaspiscinas.pt\/index.php\/wp-json\/wp\/v2\/media\/1048"}],"wp:attachment":[{"href":"https:\/\/rotinaspiscinas.pt\/index.php\/wp-json\/wp\/v2\/media?parent=1045"}],"curies":[{"name":"wp","href":"https:\/\/api.w.org\/{rel}","templated":true}]}}