{"id":1046,"date":"2021-03-14T14:45:47","date_gmt":"2021-03-14T14:45:47","guid":{"rendered":"https:\/\/rotinaspiscinas.pt\/?post_type=product&#038;p=1046"},"modified":"2021-03-14T14:45:47","modified_gmt":"2021-03-14T14:45:47","slug":"sauna-a-medida-interior-e-exterior","status":"publish","type":"product","link":"https:\/\/rotinaspiscinas.pt\/index.php\/product\/sauna-a-medida-interior-e-exterior\/","title":{"rendered":"Sauna \u00e0 Medida INTERIOR E EXTERIOR"},"content":{"rendered":"<p><strong>Precisa de uma sauna com uma altura, largura ou comprimento espec\u00edfico?<\/strong><\/p>\n<p>Precisa do teto inclinado ou de um recanto para encaixar no espa\u00e7o que tem dispon\u00edvel? Quer frentes em vidro, janelas na horizontal, na vertical, um<br \/>\ninterior com um design mais requintado? Seja qual for os seus requisitos traga-nos o seu projeto que n\u00f3s apresentar-lhe-emos uma solu\u00e7\u00e3o\u2026<\/p>\n<p>&nbsp;<\/p>\n<p>Modelo standard inclui:<\/p>\n<ul>\n<li>Paredes da sauna com 70mm de espessura<\/li>\n<li>Porta de vidro de 8mm, com puxador de madeira, ou de madeira e a\u00e7o inoxid\u00e1vel<\/li>\n<li>Interiores no modelo Prestige ou Emotion<\/li>\n<li>Dependendo do pretendido, com: 1 ou 2 encostos de cabe\u00e7a, porta de ventila\u00e7\u00e3o, apoio de costas (por metro), painel de bancada intermedi\u00e1rio (por metro), prote\u00e7\u00e3o de seguran\u00e7a do aquecedor, estrado para o ch\u00e3o (feito por medida) e candeeiro com prote\u00e7\u00e3o (n\u00e3o inclui l\u00e2mpada)<\/li>\n<li>Dimens\u00f5es: Altura de 2,01 m a 2,30 m | Largura de 1,50 m a 4,50 m |<\/li>\n<li>Profundidade de 1,50 m a 2,50 m<\/li>\n<\/ul>\n<p>&nbsp;<\/p>\n<p>Elementos a determinar<\/p>\n<ul>\n<li>Cabine interior ou exterior<\/li>\n<li>Selec\u00e7\u00e3o das esp\u00e9cies de madeira<\/li>\n<li>Madeira maci\u00e7a ou estrutura elementar<\/li>\n<li>Dimens\u00e3o ajust\u00e1vel (Comprimento &#8211; Largura &#8211; Altura)<\/li>\n<li>Paredes de vidro poss\u00edveis<\/li>\n<li>Acabamentos interiores, Revestimentos, Pavimentos<\/li>\n<li>Escolha da ilumina\u00e7\u00e3o, tampa da l\u00e2mpada<\/li>\n<li>Escolha da porta, tipo de vidro e aro<\/li>\n<li>Escolha do tipo de banco e apoio para a cabe\u00e7a<\/li>\n<li>Protec\u00e7\u00e3o e revestimento do fog\u00e3o<\/li>\n<li>Outros equipamentos, excepto<\/li>\n<\/ul>\n","protected":false},"excerpt":{"rendered":"<p>Precisa de uma sauna com uma altura, largura ou comprimento [&hellip;]<\/p>\n","protected":false},"featured_media":1047,"template":"","meta":[],"_links":{"self":[{"href":"https:\/\/rotinaspiscinas.pt\/index.php\/wp-json\/wp\/v2\/product\/1046"}],"collection":[{"href":"https:\/\/rotinaspiscinas.pt\/index.php\/wp-json\/wp\/v2\/product"}],"about":[{"href":"https:\/\/rotinaspiscinas.pt\/index.php\/wp-json\/wp\/v2\/types\/product"}],"wp:featuredmedia":[{"embeddable":true,"href":"https:\/\/rotinaspiscinas.pt\/index.php\/wp-json\/wp\/v2\/media\/1047"}],"wp:attachment":[{"href":"https:\/\/rotinaspiscinas.pt\/index.php\/wp-json\/wp\/v2\/media?parent=1046"}],"curies":[{"name":"wp","href":"https:\/\/api.w.org\/{rel}","templated":true}]}}