{"id":1056,"date":"2021-03-14T14:50:43","date_gmt":"2021-03-14T14:50:43","guid":{"rendered":"https:\/\/rotinaspiscinas.pt\/?post_type=product&#038;p=1056"},"modified":"2021-03-14T14:50:44","modified_gmt":"2021-03-14T14:50:44","slug":"sauna-panorama-s","status":"publish","type":"product","link":"https:\/\/rotinaspiscinas.pt\/index.php\/product\/sauna-panorama-s\/","title":{"rendered":"Sauna PANORAMA S"},"content":{"rendered":"<ul>\n<li>Interior em design Emotion<\/li>\n<li>Constru\u00e7\u00e3o em pain\u00e9is de madeira de Abeto<\/li>\n<li>Interior em madeira de T\u00edlia<\/li>\n<li>Estrado de madeira para o ch\u00e3o<\/li>\n<li>Frente totalmente em vidro<\/li>\n<li>Bancos de 62cm largura<\/li>\n<li>Encostos de cabe\u00e7a<\/li>\n<li>Apoio de costas<\/li>\n<li>Uma porta de ventila\u00e7\u00e3o<\/li>\n<li>Painel de bancada intermedi\u00e1rio<\/li>\n<li>Prote\u00e7\u00e3o de seguran\u00e7a do aquecedor<\/li>\n<li>Candeeiro com prote\u00e7\u00e3o (n\u00e3o inclui l\u00e2mpada)<\/li>\n<li>Dimens\u00f5es: 2,14 x 1,64 x 2,01 m (LxPxA)<\/li>\n<\/ul>\n","protected":false},"excerpt":{"rendered":"<p>Interior em design Emotion Constru\u00e7\u00e3o em pain\u00e9is de madeira de [&hellip;]<\/p>\n","protected":false},"featured_media":1060,"template":"","meta":[],"_links":{"self":[{"href":"https:\/\/rotinaspiscinas.pt\/index.php\/wp-json\/wp\/v2\/product\/1056"}],"collection":[{"href":"https:\/\/rotinaspiscinas.pt\/index.php\/wp-json\/wp\/v2\/product"}],"about":[{"href":"https:\/\/rotinaspiscinas.pt\/index.php\/wp-json\/wp\/v2\/types\/product"}],"wp:featuredmedia":[{"embeddable":true,"href":"https:\/\/rotinaspiscinas.pt\/index.php\/wp-json\/wp\/v2\/media\/1060"}],"wp:attachment":[{"href":"https:\/\/rotinaspiscinas.pt\/index.php\/wp-json\/wp\/v2\/media?parent=1056"}],"curies":[{"name":"wp","href":"https:\/\/api.w.org\/{rel}","templated":true}]}}