{"id":1071,"date":"2021-03-14T14:54:20","date_gmt":"2021-03-14T14:54:20","guid":{"rendered":"https:\/\/rotinaspiscinas.pt\/?post_type=product&#038;p=1071"},"modified":"2021-03-14T14:54:20","modified_gmt":"2021-03-14T14:54:20","slug":"spa-pluto","status":"publish","type":"product","link":"https:\/\/rotinaspiscinas.pt\/index.php\/product\/spa-pluto\/","title":{"rendered":"Spa Pluto"},"content":{"rendered":"<p>O lugar perfeito para si!<\/p>\n<p>As spas permitem-nos usufruir das virtudes da \u00e1gua quente, simulando uma \u201cfebre\u201d que estimula a produ\u00e7\u00e3o de gl\u00f3bulos brancos refor\u00e7ando o sistema imunit\u00e1rio e o equil\u00edbrio da energia vital do organismo.<\/p>\n<ul>\n<li>200x200x89 cm<\/li>\n<li>6 lugares<\/li>\n<li>45 jatos sendo 2 deitados<\/li>\n<li>Tratamento UV<\/li>\n<li>Massagem anti-celul\u00edtica<\/li>\n<li>Jatos laminares<\/li>\n<li>Cromoterapia<\/li>\n<\/ul>\n","protected":false},"excerpt":{"rendered":"<p>O lugar perfeito para si! As spas permitem-nos usufruir das [&hellip;]<\/p>\n","protected":false},"featured_media":1076,"template":"","meta":[],"_links":{"self":[{"href":"https:\/\/rotinaspiscinas.pt\/index.php\/wp-json\/wp\/v2\/product\/1071"}],"collection":[{"href":"https:\/\/rotinaspiscinas.pt\/index.php\/wp-json\/wp\/v2\/product"}],"about":[{"href":"https:\/\/rotinaspiscinas.pt\/index.php\/wp-json\/wp\/v2\/types\/product"}],"wp:featuredmedia":[{"embeddable":true,"href":"https:\/\/rotinaspiscinas.pt\/index.php\/wp-json\/wp\/v2\/media\/1076"}],"wp:attachment":[{"href":"https:\/\/rotinaspiscinas.pt\/index.php\/wp-json\/wp\/v2\/media?parent=1071"}],"curies":[{"name":"wp","href":"https:\/\/api.w.org\/{rel}","templated":true}]}}