{"id":1075,"date":"2021-03-14T14:55:02","date_gmt":"2021-03-14T14:55:02","guid":{"rendered":"https:\/\/rotinaspiscinas.pt\/?post_type=product&#038;p=1075"},"modified":"2021-03-14T14:55:02","modified_gmt":"2021-03-14T14:55:02","slug":"spa-palermo","status":"publish","type":"product","link":"https:\/\/rotinaspiscinas.pt\/index.php\/product\/spa-palermo\/","title":{"rendered":"Spa Palermo"},"content":{"rendered":"<p>Conforto, Aromaterapia e Cromoterapia.<\/p>\n<p>Os in\u00fameros jatos de massagem associados \u00e0 aromoterapia e cromoterapia, e a um sofisticado sistema de desinfe\u00e7\u00e3o por ultravioletas, fazem da Palermo um equipamento de conforto e de intensa massagem. A bomba de circula\u00e7\u00e3o de alta efici\u00eancia energ\u00e9tica \u00e9 tamb\u00e9m uma mais valia.<\/p>\n<ul>\n<li>218x218x87 cm<\/li>\n<li>5 lugares sendo 2 deitados<\/li>\n<li>42 jatos<\/li>\n<li>Tratamento UV<\/li>\n<li>App Smartphone<\/li>\n<li>Aromaterapia<\/li>\n<li>Sistema de Som pop up<\/li>\n<\/ul>\n","protected":false},"excerpt":{"rendered":"<p>Conforto, Aromaterapia e Cromoterapia. Os in\u00fameros jatos de massagem associados [&hellip;]<\/p>\n","protected":false},"featured_media":1080,"template":"","meta":[],"_links":{"self":[{"href":"https:\/\/rotinaspiscinas.pt\/index.php\/wp-json\/wp\/v2\/product\/1075"}],"collection":[{"href":"https:\/\/rotinaspiscinas.pt\/index.php\/wp-json\/wp\/v2\/product"}],"about":[{"href":"https:\/\/rotinaspiscinas.pt\/index.php\/wp-json\/wp\/v2\/types\/product"}],"wp:featuredmedia":[{"embeddable":true,"href":"https:\/\/rotinaspiscinas.pt\/index.php\/wp-json\/wp\/v2\/media\/1080"}],"wp:attachment":[{"href":"https:\/\/rotinaspiscinas.pt\/index.php\/wp-json\/wp\/v2\/media?parent=1075"}],"curies":[{"name":"wp","href":"https:\/\/api.w.org\/{rel}","templated":true}]}}