{"id":1082,"date":"2021-03-14T14:56:37","date_gmt":"2021-03-14T14:56:37","guid":{"rendered":"https:\/\/rotinaspiscinas.pt\/?post_type=product&#038;p=1082"},"modified":"2021-03-14T14:56:37","modified_gmt":"2021-03-14T14:56:37","slug":"spa-kilimanjaro","status":"publish","type":"product","link":"https:\/\/rotinaspiscinas.pt\/index.php\/product\/spa-kilimanjaro\/","title":{"rendered":"Spa Kilimanjaro"},"content":{"rendered":"<p>Experi\u00eancia incompar\u00e1vel!<\/p>\n<p>A spa Kilimanjaro Premium eleva o poder de relaxamento para um outro n\u00edvel. Uma experi\u00eancia incompar\u00e1vel a qualquer outra spa que j\u00e1 tenha utilizado. A combina\u00e7\u00e3o de 3 elementos chave: calor, massagem e tecnologia de ponta garantem a singularidade deste pequeno o\u00e1sis de calma e tranquilidade. Uma oportunidade de se reencontrar!<\/p>\n<ul>\n<li>230x230x94 cm<\/li>\n<li>6 lugares<\/li>\n<li>64 jatos<\/li>\n<li>Tratamento UV<\/li>\n<li>Controlador Touch<\/li>\n<li>App Smartphone<\/li>\n<li>Sistema de som pop up<\/li>\n<\/ul>\n","protected":false},"excerpt":{"rendered":"<p>Experi\u00eancia incompar\u00e1vel! A spa Kilimanjaro Premium eleva o poder de [&hellip;]<\/p>\n","protected":false},"featured_media":1084,"template":"","meta":[],"_links":{"self":[{"href":"https:\/\/rotinaspiscinas.pt\/index.php\/wp-json\/wp\/v2\/product\/1082"}],"collection":[{"href":"https:\/\/rotinaspiscinas.pt\/index.php\/wp-json\/wp\/v2\/product"}],"about":[{"href":"https:\/\/rotinaspiscinas.pt\/index.php\/wp-json\/wp\/v2\/types\/product"}],"wp:featuredmedia":[{"embeddable":true,"href":"https:\/\/rotinaspiscinas.pt\/index.php\/wp-json\/wp\/v2\/media\/1084"}],"wp:attachment":[{"href":"https:\/\/rotinaspiscinas.pt\/index.php\/wp-json\/wp\/v2\/media?parent=1082"}],"curies":[{"name":"wp","href":"https:\/\/api.w.org\/{rel}","templated":true}]}}