{"id":1083,"date":"2021-03-14T14:57:24","date_gmt":"2021-03-14T14:57:24","guid":{"rendered":"https:\/\/rotinaspiscinas.pt\/?post_type=product&#038;p=1083"},"modified":"2021-03-14T14:57:24","modified_gmt":"2021-03-14T14:57:24","slug":"spa-everest","status":"publish","type":"product","link":"https:\/\/rotinaspiscinas.pt\/index.php\/product\/spa-everest\/","title":{"rendered":"Spa Everest"},"content":{"rendered":"<p>A spa Everest Premium eleva o poder de relaxamento para um outro n\u00edvel. Uma experi\u00eancia incompar\u00e1vel a qualquer outra spa que j\u00e1 tenha utilizado. A combina\u00e7\u00e3o de 3 elementos chave: calor, massagem e tecnologia de ponta garantem a singularidade deste pequeno o\u00e1sis de calma e tranquilidade. Uma oportunidade de se reencontrar!<\/p>\n<ul>\n<li>Dimens\u00f5es: 236 x 236 x 97 cm<\/li>\n<li>Capacidade: 1.560 litros<\/li>\n<li>Peso total: 420 kg vazia, 1980 kg cheia<\/li>\n<li>Jactos massagem: 98, sendo 10 de ar + sistema Pulsar<\/li>\n<li>Bombas massagem: 2 bombas massagem de 3 cv, 2 velocidades + 2<\/li>\n<li>bombas de massagem de 2 cv + 1 compressor de ar<\/li>\n<li>Lugares: 5 lugares, sendo 2 deitados<\/li>\n<li>Filtra\u00e7\u00e3o: 3 filtros anti bacterianos<\/li>\n<li>Aquecimento: 1 resist\u00eancia de 3 kw<\/li>\n<li>Acess\u00f3rio: controlador spa touch \/ 1 magma jet \/ ultra-violetas \/ led \/ aromoterapia \/ sistema de som aquasoul<\/li>\n<\/ul>\n","protected":false},"excerpt":{"rendered":"<p>A spa Everest Premium eleva o poder de relaxamento para [&hellip;]<\/p>\n","protected":false},"featured_media":1086,"template":"","meta":[],"_links":{"self":[{"href":"https:\/\/rotinaspiscinas.pt\/index.php\/wp-json\/wp\/v2\/product\/1083"}],"collection":[{"href":"https:\/\/rotinaspiscinas.pt\/index.php\/wp-json\/wp\/v2\/product"}],"about":[{"href":"https:\/\/rotinaspiscinas.pt\/index.php\/wp-json\/wp\/v2\/types\/product"}],"wp:featuredmedia":[{"embeddable":true,"href":"https:\/\/rotinaspiscinas.pt\/index.php\/wp-json\/wp\/v2\/media\/1086"}],"wp:attachment":[{"href":"https:\/\/rotinaspiscinas.pt\/index.php\/wp-json\/wp\/v2\/media?parent=1083"}],"curies":[{"name":"wp","href":"https:\/\/api.w.org\/{rel}","templated":true}]}}