{"id":1119,"date":"2021-03-14T15:21:25","date_gmt":"2021-03-14T15:21:25","guid":{"rendered":"https:\/\/rotinaspiscinas.pt\/?post_type=product&#038;p=1119"},"modified":"2021-03-14T15:21:25","modified_gmt":"2021-03-14T15:21:25","slug":"flor-de-verao","status":"publish","type":"product","link":"https:\/\/rotinaspiscinas.pt\/index.php\/product\/flor-de-verao\/","title":{"rendered":"Flor de Ver\u00e3o"},"content":{"rendered":"<p>Dimens\u00f5es: 60cm de di\u00e2metro<\/p>\n","protected":false},"excerpt":{"rendered":"<p>Dimens\u00f5es: 60cm de di\u00e2metro<\/p>\n","protected":false},"featured_media":1123,"template":"","meta":[],"_links":{"self":[{"href":"https:\/\/rotinaspiscinas.pt\/index.php\/wp-json\/wp\/v2\/product\/1119"}],"collection":[{"href":"https:\/\/rotinaspiscinas.pt\/index.php\/wp-json\/wp\/v2\/product"}],"about":[{"href":"https:\/\/rotinaspiscinas.pt\/index.php\/wp-json\/wp\/v2\/types\/product"}],"wp:featuredmedia":[{"embeddable":true,"href":"https:\/\/rotinaspiscinas.pt\/index.php\/wp-json\/wp\/v2\/media\/1123"}],"wp:attachment":[{"href":"https:\/\/rotinaspiscinas.pt\/index.php\/wp-json\/wp\/v2\/media?parent=1119"}],"curies":[{"name":"wp","href":"https:\/\/api.w.org\/{rel}","templated":true}]}}