{"id":1143,"date":"2021-03-14T15:27:44","date_gmt":"2021-03-14T15:27:44","guid":{"rendered":"https:\/\/rotinaspiscinas.pt\/?post_type=product&#038;p=1143"},"modified":"2021-03-14T15:27:45","modified_gmt":"2021-03-14T15:27:45","slug":"cascata-mini-bali","status":"publish","type":"product","link":"https:\/\/rotinaspiscinas.pt\/index.php\/product\/cascata-mini-bali\/","title":{"rendered":"Cascata MINI BALI"},"content":{"rendered":"<ul>\n<li>Altura exterior: 480 mm<\/li>\n<li>Comprimento m\u00e1ximo: 467 mm<\/li>\n<li>Largura m\u00e1xima: 350 mm<\/li>\n<li>Liga\u00e7\u00f5es: rosca f\u00eamea 1 1\/2\u2018\u2018<\/li>\n<li>Bomba recomendada: 0,75 kw<\/li>\n<li>Caudal: 20m3\/h<\/li>\n<\/ul>\n","protected":false},"excerpt":{"rendered":"<p>Altura exterior: 480 mm Comprimento m\u00e1ximo: 467 mm Largura m\u00e1xima: [&hellip;]<\/p>\n","protected":false},"featured_media":1148,"template":"","meta":[],"_links":{"self":[{"href":"https:\/\/rotinaspiscinas.pt\/index.php\/wp-json\/wp\/v2\/product\/1143"}],"collection":[{"href":"https:\/\/rotinaspiscinas.pt\/index.php\/wp-json\/wp\/v2\/product"}],"about":[{"href":"https:\/\/rotinaspiscinas.pt\/index.php\/wp-json\/wp\/v2\/types\/product"}],"wp:featuredmedia":[{"embeddable":true,"href":"https:\/\/rotinaspiscinas.pt\/index.php\/wp-json\/wp\/v2\/media\/1148"}],"wp:attachment":[{"href":"https:\/\/rotinaspiscinas.pt\/index.php\/wp-json\/wp\/v2\/media?parent=1143"}],"curies":[{"name":"wp","href":"https:\/\/api.w.org\/{rel}","templated":true}]}}