{"id":1157,"date":"2021-03-14T15:31:38","date_gmt":"2021-03-14T15:31:38","guid":{"rendered":"https:\/\/rotinaspiscinas.pt\/?post_type=product&#038;p=1157"},"modified":"2021-03-14T15:31:38","modified_gmt":"2021-03-14T15:31:38","slug":"canhao-capri","status":"publish","type":"product","link":"https:\/\/rotinaspiscinas.pt\/index.php\/product\/canhao-capri\/","title":{"rendered":"Canh\u00e3o CAPRI"},"content":{"rendered":"<ul>\n<li>Boca circular &#8211; Caudal recomendado de 20 m3\/h<\/li>\n<li>Boca plana &#8211; Caudal recomendado de 22 m3\/h<\/li>\n<li>Liga\u00e7\u00f5es: F\u00eamea 2 1\/2 \u2018\u2018<\/li>\n<\/ul>\n","protected":false},"excerpt":{"rendered":"<p>Boca circular &#8211; Caudal recomendado de 20 m3\/h Boca plana [&hellip;]<\/p>\n","protected":false},"featured_media":1159,"template":"","meta":[],"_links":{"self":[{"href":"https:\/\/rotinaspiscinas.pt\/index.php\/wp-json\/wp\/v2\/product\/1157"}],"collection":[{"href":"https:\/\/rotinaspiscinas.pt\/index.php\/wp-json\/wp\/v2\/product"}],"about":[{"href":"https:\/\/rotinaspiscinas.pt\/index.php\/wp-json\/wp\/v2\/types\/product"}],"wp:featuredmedia":[{"embeddable":true,"href":"https:\/\/rotinaspiscinas.pt\/index.php\/wp-json\/wp\/v2\/media\/1159"}],"wp:attachment":[{"href":"https:\/\/rotinaspiscinas.pt\/index.php\/wp-json\/wp\/v2\/media?parent=1157"}],"curies":[{"name":"wp","href":"https:\/\/api.w.org\/{rel}","templated":true}]}}