{"id":1161,"date":"2021-03-14T15:35:46","date_gmt":"2021-03-14T15:35:46","guid":{"rendered":"https:\/\/rotinaspiscinas.pt\/?post_type=product&#038;p=1161"},"modified":"2021-03-14T15:35:46","modified_gmt":"2021-03-14T15:35:46","slug":"cascata-magicfalls-de-encastrar","status":"publish","type":"product","link":"https:\/\/rotinaspiscinas.pt\/index.php\/product\/cascata-magicfalls-de-encastrar\/","title":{"rendered":"Cascata MAGICFALLS de encastrar"},"content":{"rendered":"<p>A beleza e o fasc\u00ednio da \u00e1gua a cair. As cascatas podem transformar<br \/>\na sua piscina num ponto focal de grande impacto.<\/p>\n<ul>\n<li>Caudal \u00f3ptimo \u2013 3.5m3\/h \/ 30cm (largura da cascata)<\/li>\n<li>O caudal m\u00ednimo \u00e9 de 2.3m3\/h e o recomendado \u00e9 de 3.5m3\/h, por cada 30 cm de cascata.<\/li>\n<li>\u00d8 da tubagem alimenta\u00e7\u00e3o \u2013 1 \u00bd\u201d \/ 50mm<\/li>\n<li>Altura m\u00e1xima de instala\u00e7\u00e3o relativamente \u00e0 linha de \u00e1gua &#8211; efeito l\u00e2mina \u2013 1.00m<\/li>\n<\/ul>\n","protected":false},"excerpt":{"rendered":"<p>A beleza e o fasc\u00ednio da \u00e1gua a cair. As [&hellip;]<\/p>\n","protected":false},"featured_media":1167,"template":"","meta":[],"_links":{"self":[{"href":"https:\/\/rotinaspiscinas.pt\/index.php\/wp-json\/wp\/v2\/product\/1161"}],"collection":[{"href":"https:\/\/rotinaspiscinas.pt\/index.php\/wp-json\/wp\/v2\/product"}],"about":[{"href":"https:\/\/rotinaspiscinas.pt\/index.php\/wp-json\/wp\/v2\/types\/product"}],"wp:featuredmedia":[{"embeddable":true,"href":"https:\/\/rotinaspiscinas.pt\/index.php\/wp-json\/wp\/v2\/media\/1167"}],"wp:attachment":[{"href":"https:\/\/rotinaspiscinas.pt\/index.php\/wp-json\/wp\/v2\/media?parent=1161"}],"curies":[{"name":"wp","href":"https:\/\/api.w.org\/{rel}","templated":true}]}}