{"id":409,"date":"2021-03-12T10:30:29","date_gmt":"2021-03-12T10:30:29","guid":{"rendered":"https:\/\/rotinaspiscinas.pt\/?post_type=product&#038;p=409"},"modified":"2021-03-12T10:30:30","modified_gmt":"2021-03-12T10:30:30","slug":"acti-anti-alg-3","status":"publish","type":"product","link":"https:\/\/rotinaspiscinas.pt\/index.php\/product\/acti-anti-alg-3\/","title":{"rendered":"Acti Anti-Alg 3"},"content":{"rendered":"<h3>Instru\u00e7\u00f5es de utiliza\u00e7\u00e3o<\/h3>\n<p>Na cuba da piscina diretamente, filtra\u00e7\u00e3o em funcionamento, na aus\u00eancia de nadadores.<br \/>\nNo caso de temperaturas altas e\/ou chuvas fortes, no caso de aparecimento de algas (paredes escorregadias), efetuar um tratamento de choque (cloro, bromo\u2026) seguido, no dia seguinte, de uma adi\u00e7\u00e3o de 1 L a 2 L de<strong>\u00a0ACTI ANTI-ALG 3\u00a0<\/strong>por cada 50 m<strong><sup>3<\/sup><\/strong>.<\/p>\n<p>&nbsp;<\/p>\n<h3>Dosagem<\/h3>\n<p>1\/2 L de<strong>\u00a0ACTI ANTI-ALG 3<\/strong>\u00a0por cada 50 m<sup>3<\/sup>\u00a0de \u00e1gua todas as semanas.<\/p>\n<p>&nbsp;<\/p>\n<h3>Embalagem<\/h3>\n<p>Em bid\u00e3o de 1 L, 5 L, 20 L.<\/p>\n","protected":false},"excerpt":{"rendered":"<p>Tratamento preventivo contra a prolifera\u00e7\u00e3o de algas.<\/p>\n","protected":false},"featured_media":410,"template":"","meta":[],"_links":{"self":[{"href":"https:\/\/rotinaspiscinas.pt\/index.php\/wp-json\/wp\/v2\/product\/409"}],"collection":[{"href":"https:\/\/rotinaspiscinas.pt\/index.php\/wp-json\/wp\/v2\/product"}],"about":[{"href":"https:\/\/rotinaspiscinas.pt\/index.php\/wp-json\/wp\/v2\/types\/product"}],"wp:featuredmedia":[{"embeddable":true,"href":"https:\/\/rotinaspiscinas.pt\/index.php\/wp-json\/wp\/v2\/media\/410"}],"wp:attachment":[{"href":"https:\/\/rotinaspiscinas.pt\/index.php\/wp-json\/wp\/v2\/media?parent=409"}],"curies":[{"name":"wp","href":"https:\/\/api.w.org\/{rel}","templated":true}]}}