{"id":414,"date":"2021-03-12T13:37:08","date_gmt":"2021-03-12T13:37:08","guid":{"rendered":"https:\/\/rotinaspiscinas.pt\/?post_type=product&#038;p=414"},"modified":"2021-03-12T13:37:08","modified_gmt":"2021-03-12T13:37:08","slug":"robo-electrico-dolphin-z1b","status":"publish","type":"product","link":"https:\/\/rotinaspiscinas.pt\/index.php\/product\/robo-electrico-dolphin-z1b\/","title":{"rendered":"Rob\u00f4 el\u00e9ctrico DOLPHIN Z1B"},"content":{"rendered":"<ul>\n<li>Superf\u00edcie de limpeza piscinas : fundo, paredes e linha de \u00e1gua<\/li>\n<li>At\u00e9 : 12 metros<\/li>\n<li>Dura\u00e7\u00e3o do ciclo : 2 horas<\/li>\n<li>Cabo : 18m<\/li>\n<li>Filtra\u00e7\u00e3o : Filtro multi-camada<\/li>\n<li>Escovas : Escova ativa, gira 2x mais que a velocidade do rob\u00f4 para uma limpeza eficaz<\/li>\n<li>Alimenta\u00e7\u00e3o : Transformador de seguran\u00e7a 230V-24VDC 120W<\/li>\n<li>N\u00famero de motores: 1 de tra\u00e7\u00e3o 1 de suc\u00e7\u00e3o<\/li>\n<li>Carro de transporte : N\u00e3o inclu\u00eddo<\/li>\n<\/ul>\n","protected":false},"excerpt":{"rendered":"<p>Superf\u00edcie de limpeza piscinas : fundo, paredes e linha de [&hellip;]<\/p>\n","protected":false},"featured_media":415,"template":"","meta":[],"_links":{"self":[{"href":"https:\/\/rotinaspiscinas.pt\/index.php\/wp-json\/wp\/v2\/product\/414"}],"collection":[{"href":"https:\/\/rotinaspiscinas.pt\/index.php\/wp-json\/wp\/v2\/product"}],"about":[{"href":"https:\/\/rotinaspiscinas.pt\/index.php\/wp-json\/wp\/v2\/types\/product"}],"wp:featuredmedia":[{"embeddable":true,"href":"https:\/\/rotinaspiscinas.pt\/index.php\/wp-json\/wp\/v2\/media\/415"}],"wp:attachment":[{"href":"https:\/\/rotinaspiscinas.pt\/index.php\/wp-json\/wp\/v2\/media?parent=414"}],"curies":[{"name":"wp","href":"https:\/\/api.w.org\/{rel}","templated":true}]}}