{"id":416,"date":"2021-03-12T13:37:41","date_gmt":"2021-03-12T13:37:41","guid":{"rendered":"https:\/\/rotinaspiscinas.pt\/?post_type=product&#038;p=416"},"modified":"2021-03-12T13:45:12","modified_gmt":"2021-03-12T13:45:12","slug":"robo-electricodolphin-z3i","status":"publish","type":"product","link":"https:\/\/rotinaspiscinas.pt\/index.php\/product\/robo-electricodolphin-z3i\/","title":{"rendered":"Rob\u00f4 el\u00e9ctricoDOLPHIN Z3i"},"content":{"rendered":"<ul>\n<li>Superf\u00edcie de limpeza piscinas : fundo, paredes e linha de \u00e1gua<\/li>\n<li>At\u00e9 : 12 metros<\/li>\n<li>Dura\u00e7\u00e3o do ciclo : 1h \/ 1h30m \/ 2h \/2h30m<\/li>\n<li>Cabo : 18m<\/li>\n<li>Filtra\u00e7\u00e3o : Filtro multi-capa<\/li>\n<li>Escovas : Escova ativa, gira 2x mais que a velocidade do rob\u00f4 p\/ uma limpeza eficaz<\/li>\n<li>Controlo por aplica\u00e7\u00e3o MyDolphin PlusTM em Smartphone : Aplica\u00e7\u00e3o MyDolphinTM no seu Smartphone para controlar o rob\u00f4 remotamente<\/li>\n<li>Alimenta\u00e7\u00e3o : Transformador de seguran\u00e7a 230V-24VDC 120W, PROGRAM\u00c1VEL E COM BLUETOOTH<\/li>\n<li>N\u00famero de motores: 1 de tra\u00e7\u00e3o 1 de suc\u00e7\u00e3o + servo<\/li>\n<li>Carro de transporte : Inclu\u00eddo<\/li>\n<\/ul>\n","protected":false},"excerpt":{"rendered":"<p>Superf\u00edcie de limpeza piscinas : fundo, paredes e linha de [&hellip;]<\/p>\n","protected":false},"featured_media":411,"template":"","meta":[],"_links":{"self":[{"href":"https:\/\/rotinaspiscinas.pt\/index.php\/wp-json\/wp\/v2\/product\/416"}],"collection":[{"href":"https:\/\/rotinaspiscinas.pt\/index.php\/wp-json\/wp\/v2\/product"}],"about":[{"href":"https:\/\/rotinaspiscinas.pt\/index.php\/wp-json\/wp\/v2\/types\/product"}],"wp:featuredmedia":[{"embeddable":true,"href":"https:\/\/rotinaspiscinas.pt\/index.php\/wp-json\/wp\/v2\/media\/411"}],"wp:attachment":[{"href":"https:\/\/rotinaspiscinas.pt\/index.php\/wp-json\/wp\/v2\/media?parent=416"}],"curies":[{"name":"wp","href":"https:\/\/api.w.org\/{rel}","templated":true}]}}