{"id":419,"date":"2021-03-12T22:43:09","date_gmt":"2021-03-12T22:43:09","guid":{"rendered":"https:\/\/rotinaspiscinas.pt\/?post_type=product&#038;p=419"},"modified":"2021-03-12T22:43:09","modified_gmt":"2021-03-12T22:43:09","slug":"zenit-60","status":"publish","type":"product","link":"https:\/\/rotinaspiscinas.pt\/index.php\/product\/zenit-60\/","title":{"rendered":"Zenit 60"},"content":{"rendered":"<p>M\u00e1xima performance com o m\u00ednimo esfor\u00e7o. O novo rob\u00f4 Zenit 60 da Maytronics \u00e9 a solu\u00e7\u00e3o mais f\u00e1cil, eficiente e econ\u00f3mica para garantir a limpeza total da sua piscina.<\/p>\n<p>E agora com a nova aplica\u00e7\u00e3o MyDolphin\u2122 Plus o seu rob\u00f4 pode ser controlado em qualquer lugar a qualquer momento.<\/p>\n<ul>\n<li>Superf\u00edcie de limpeza piscinas : fundo, paredes e linha de \u00e1gua<\/li>\n<li>At\u00e9 : 15 metros<\/li>\n<li>Dura\u00e7\u00e3o do ciclo : 1h \/ 1h30m \/ 2h \/ 2h30m<\/li>\n<li>Cabo : 18m<\/li>\n<li>Destorcedor Swivel : Evita o enrolamento no cabo<\/li>\n<li>Filtra\u00e7\u00e3o : Filtro multi capa<\/li>\n<li>Escovas &#8211; escovas combinadas : Adaptam-se a todas as piscinas<\/li>\n<li>Peso : 11 kg<\/li>\n<li>Velocidade de suc\u00e7\u00e3o : 15m3 por hora<\/li>\n<li>Voltagem do motor : 29v DC 180w<\/li>\n<li>N\u00famero de motores: 2 de tra\u00e7\u00e3o 1 de suc\u00e7\u00e3o + servo<\/li>\n<\/ul>\n","protected":false},"excerpt":{"rendered":"<p>M\u00e1xima performance com o m\u00ednimo esfor\u00e7o. O novo rob\u00f4 Zenit [&hellip;]<\/p>\n","protected":false},"featured_media":420,"template":"","meta":[],"_links":{"self":[{"href":"https:\/\/rotinaspiscinas.pt\/index.php\/wp-json\/wp\/v2\/product\/419"}],"collection":[{"href":"https:\/\/rotinaspiscinas.pt\/index.php\/wp-json\/wp\/v2\/product"}],"about":[{"href":"https:\/\/rotinaspiscinas.pt\/index.php\/wp-json\/wp\/v2\/types\/product"}],"wp:featuredmedia":[{"embeddable":true,"href":"https:\/\/rotinaspiscinas.pt\/index.php\/wp-json\/wp\/v2\/media\/420"}],"wp:attachment":[{"href":"https:\/\/rotinaspiscinas.pt\/index.php\/wp-json\/wp\/v2\/media?parent=419"}],"curies":[{"name":"wp","href":"https:\/\/api.w.org\/{rel}","templated":true}]}}