{"id":421,"date":"2021-03-12T22:43:56","date_gmt":"2021-03-12T22:43:56","guid":{"rendered":"https:\/\/rotinaspiscinas.pt\/?post_type=product&#038;p=421"},"modified":"2021-03-12T22:43:56","modified_gmt":"2021-03-12T22:43:56","slug":"zenit-10cb","status":"publish","type":"product","link":"https:\/\/rotinaspiscinas.pt\/index.php\/product\/zenit-10cb\/","title":{"rendered":"ZENIT 10CB"},"content":{"rendered":"<ul>\n<li>Superf\u00edcie de limpeza piscinas : fundo at\u00e9 10 metros<\/li>\n<li>Dura\u00e7\u00e3o do ciclo : At\u00e9 3 horas<\/li>\n<li>Cabo : 18m<\/li>\n<li>Destorcedor Swivel : Evita o enrolamento no cabo<\/li>\n<li>Filtra\u00e7\u00e3o \u00a0: Duplo n\u00edvel de filtra\u00e7\u00e3o para detritos finose \u00e1speros<\/li>\n<li>Escovas &#8211; escovas combinadas \u00a0: Adaptam-se a todas as piscinas<\/li>\n<li>Peso : 8,5 kg<\/li>\n<li>Velocidade de suc\u00e7\u00e3o \u00a0: 17m3 por hora<\/li>\n<li>Voltagem do motor : 29v DC 180w<\/li>\n<li>N\u00famero de motores : 1 de tra\u00e7\u00e3o 1 de suc\u00e7\u00e3o<\/li>\n<\/ul>\n","protected":false},"excerpt":{"rendered":"<p>Superf\u00edcie de limpeza piscinas : fundo at\u00e9 10 metros Dura\u00e7\u00e3o [&hellip;]<\/p>\n","protected":false},"featured_media":422,"template":"","meta":[],"_links":{"self":[{"href":"https:\/\/rotinaspiscinas.pt\/index.php\/wp-json\/wp\/v2\/product\/421"}],"collection":[{"href":"https:\/\/rotinaspiscinas.pt\/index.php\/wp-json\/wp\/v2\/product"}],"about":[{"href":"https:\/\/rotinaspiscinas.pt\/index.php\/wp-json\/wp\/v2\/types\/product"}],"wp:featuredmedia":[{"embeddable":true,"href":"https:\/\/rotinaspiscinas.pt\/index.php\/wp-json\/wp\/v2\/media\/422"}],"wp:attachment":[{"href":"https:\/\/rotinaspiscinas.pt\/index.php\/wp-json\/wp\/v2\/media?parent=421"}],"curies":[{"name":"wp","href":"https:\/\/api.w.org\/{rel}","templated":true}]}}