{"id":427,"date":"2021-03-12T22:46:51","date_gmt":"2021-03-12T22:46:51","guid":{"rendered":"https:\/\/rotinaspiscinas.pt\/?post_type=product&#038;p=427"},"modified":"2021-03-12T22:46:51","modified_gmt":"2021-03-12T22:46:51","slug":"zenit-30cb","status":"publish","type":"product","link":"https:\/\/rotinaspiscinas.pt\/index.php\/product\/zenit-30cb\/","title":{"rendered":"ZENIT 30CB"},"content":{"rendered":"<ul>\n<li>Superf\u00edcie de limpeza piscinas : fundo, paredes e linha de \u00e1gua<\/li>\n<li>At\u00e9 : 15 metros<\/li>\n<li>Dura\u00e7\u00e3o do ciclo : 1h30m \/ 2h30m \/ 3h30m<\/li>\n<li>Cabo : 18m<\/li>\n<li>Destorcedor : Swivel Evita o enrolamento no cabo<\/li>\n<li>Filtra\u00e7\u00e3o : Duplo n\u00edvel de filtra\u00e7\u00e3o para detritos finos e \u00e1speros<\/li>\n<li>Escovas &#8211; escovas combinadas : Combina com todos os revestimentos de piscinas. Escova complementar extra-ativa<\/li>\n<li>Controlo remoto : Configura\u00e7\u00e3o de par\u00e2metros e programas de limpeza<\/li>\n<li>Peso : 11,5 kg<\/li>\n<li>Velocidade de suc\u00e7\u00e3o : 17m3 por hora<\/li>\n<li>Voltagem do motor : 29v DC 180w<\/li>\n<li>Caracter\u00edsticas adicionais :Indicador de bolsa de filtro cheia, demora de opera\u00e7\u00e3o de limpeza dalinha de \u00e1gua &#8211; opera\u00e7\u00e3o semanal<\/li>\n<li>N\u00famero de motores: 2 de tra\u00e7\u00e3o 1 de suc\u00e7\u00e3o<\/li>\n<\/ul>\n","protected":false},"excerpt":{"rendered":"<p>Superf\u00edcie de limpeza piscinas : fundo, paredes e linha de [&hellip;]<\/p>\n","protected":false},"featured_media":428,"template":"","meta":[],"_links":{"self":[{"href":"https:\/\/rotinaspiscinas.pt\/index.php\/wp-json\/wp\/v2\/product\/427"}],"collection":[{"href":"https:\/\/rotinaspiscinas.pt\/index.php\/wp-json\/wp\/v2\/product"}],"about":[{"href":"https:\/\/rotinaspiscinas.pt\/index.php\/wp-json\/wp\/v2\/types\/product"}],"wp:featuredmedia":[{"embeddable":true,"href":"https:\/\/rotinaspiscinas.pt\/index.php\/wp-json\/wp\/v2\/media\/428"}],"wp:attachment":[{"href":"https:\/\/rotinaspiscinas.pt\/index.php\/wp-json\/wp\/v2\/media?parent=427"}],"curies":[{"name":"wp","href":"https:\/\/api.w.org\/{rel}","templated":true}]}}