{"id":429,"date":"2021-03-12T22:47:35","date_gmt":"2021-03-12T22:47:35","guid":{"rendered":"https:\/\/rotinaspiscinas.pt\/?post_type=product&#038;p=429"},"modified":"2021-03-12T22:47:35","modified_gmt":"2021-03-12T22:47:35","slug":"nova-fonte-de-alimentacao-iot","status":"publish","type":"product","link":"https:\/\/rotinaspiscinas.pt\/index.php\/product\/nova-fonte-de-alimentacao-iot\/","title":{"rendered":"Nova fonte de alimenta\u00e7\u00e3o \u2013 IOT"},"content":{"rendered":"<ul>\n<li>Principais vantagens para o utilizador final: controlo inteligente e interativo<\/li>\n<li>Controlo em qualquer lugar e em qualquer momento: Programa\u00e7\u00e3o remota e controlo do rob\u00f4 atrav\u00e9s da app MyDolphin\u2122 Plus.<\/li>\n<li>Comodidade e servi\u00e7o melhorados: Atualiza\u00e7\u00f5es de software remotas com as \u00faltimas caracter\u00edsticas e fun\u00e7\u00f5es do rob\u00f4. Servi\u00e7o proativo e conselhos de manuten\u00e7\u00e3o.<\/li>\n<li>Interface simples: Opera\u00e7\u00f5es com um \u00fanico bot\u00e3o: on\/off com um clique. Os LED de cores mostram o estado do rob\u00f4.<\/li>\n<\/ul>\n","protected":false},"excerpt":{"rendered":"<p>Principais vantagens para o utilizador final: controlo inteligente e interativo [&hellip;]<\/p>\n","protected":false},"featured_media":430,"template":"","meta":[],"_links":{"self":[{"href":"https:\/\/rotinaspiscinas.pt\/index.php\/wp-json\/wp\/v2\/product\/429"}],"collection":[{"href":"https:\/\/rotinaspiscinas.pt\/index.php\/wp-json\/wp\/v2\/product"}],"about":[{"href":"https:\/\/rotinaspiscinas.pt\/index.php\/wp-json\/wp\/v2\/types\/product"}],"wp:featuredmedia":[{"embeddable":true,"href":"https:\/\/rotinaspiscinas.pt\/index.php\/wp-json\/wp\/v2\/media\/430"}],"wp:attachment":[{"href":"https:\/\/rotinaspiscinas.pt\/index.php\/wp-json\/wp\/v2\/media?parent=429"}],"curies":[{"name":"wp","href":"https:\/\/api.w.org\/{rel}","templated":true}]}}