{"id":434,"date":"2021-03-12T22:50:24","date_gmt":"2021-03-12T22:50:24","guid":{"rendered":"https:\/\/rotinaspiscinas.pt\/?post_type=product&#038;p=434"},"modified":"2021-03-12T22:50:24","modified_gmt":"2021-03-12T22:50:24","slug":"vektro-junior","status":"publish","type":"product","link":"https:\/\/rotinaspiscinas.pt\/index.php\/product\/vektro-junior\/","title":{"rendered":"Vektro Junior"},"content":{"rendered":"<p>Aspirador de piscina recarreg\u00e1vel.<\/p>\n<p>Ideal para piscinas de tamanho m\u00e9dio.<\/p>\n<p>Recomendado para piscinas de tamanho m\u00e9dio com profundidade at\u00e9 3m<\/p>\n<h4>Carater\u00edsticas:<\/h4>\n<ul>\n<li>Aspira detritos debaixo de \u00e1gua<\/li>\n<li>Bateria recarreg\u00e1vel<\/li>\n<li>Bateria de l\u00edtio: vida \u00fatil prolongada e melhor desempenho<\/li>\n<li>Liga\/desliga facilmente pressionando um bot\u00e3o de toque suave<\/li>\n<li>A v\u00e1lvula de liberta\u00e7\u00e3o r\u00e1pida drena a \u00e1gua filtrada para facilitar a limpeza da piscina<\/li>\n<li>Os detritos s\u00e3o recolhidos para um cesto em a\u00e7o inoxid\u00e1vel, de f\u00e1cil acesso e limpeza<\/li>\n<li>A tampa transparente do cesto permite ver a quantidade de detritos recolhidos<\/li>\n<li>Segure o aspirador atrav\u00e9s da pega ergon\u00f3mica ou conecte-o a uma vara telesc\u00f3pica standard (n\u00e3o inclu\u00edda)<\/li>\n<li>Totalmente submerg\u00edvel<\/li>\n<li>Inclui dois terminais de limpeza:<\/li>\n<li>Uma cabe\u00e7a de su\u00e7\u00e3o girat\u00f3ria com rodas, que desliza facilmente em qualquer tipo de superf\u00edcie da piscina e escovas laterais e inferiores<\/li>\n<li>Escova plana para limpeza dos cantos<\/li>\n<\/ul>\n","protected":false},"excerpt":{"rendered":"<p>Aspirador de piscina recarreg\u00e1vel. Ideal para piscinas de tamanho m\u00e9dio. [&hellip;]<\/p>\n","protected":false},"featured_media":435,"template":"","meta":[],"_links":{"self":[{"href":"https:\/\/rotinaspiscinas.pt\/index.php\/wp-json\/wp\/v2\/product\/434"}],"collection":[{"href":"https:\/\/rotinaspiscinas.pt\/index.php\/wp-json\/wp\/v2\/product"}],"about":[{"href":"https:\/\/rotinaspiscinas.pt\/index.php\/wp-json\/wp\/v2\/types\/product"}],"wp:featuredmedia":[{"embeddable":true,"href":"https:\/\/rotinaspiscinas.pt\/index.php\/wp-json\/wp\/v2\/media\/435"}],"wp:attachment":[{"href":"https:\/\/rotinaspiscinas.pt\/index.php\/wp-json\/wp\/v2\/media?parent=434"}],"curies":[{"name":"wp","href":"https:\/\/api.w.org\/{rel}","templated":true}]}}