{"id":438,"date":"2021-03-12T22:53:19","date_gmt":"2021-03-12T22:53:19","guid":{"rendered":"https:\/\/rotinaspiscinas.pt\/?post_type=product&#038;p=438"},"modified":"2021-03-12T22:53:19","modified_gmt":"2021-03-12T22:53:19","slug":"aspirador-dv5000","status":"publish","type":"product","link":"https:\/\/rotinaspiscinas.pt\/index.php\/product\/aspirador-dv5000\/","title":{"rendered":"Aspirador DV5000"},"content":{"rendered":"<p>A economia aliada \u00e0 efic\u00e1cia<br \/>\nO DV5000 limpa a sujidade com um elevado padr\u00e3o de efici\u00eancia.<br \/>\nA tecnologia diafragma permite um funcionamento tranquilo e eficiente durante anos.<br \/>\nEspecialmente adequado para piscinas de pequena dimens\u00e3o, mas tamb\u00e9m para piscinas acima do solo.<\/p>\n<ul>\n<li>Limpa automaticamente o fundo da sua piscina.<\/li>\n<li>Funcionamento silencioso gra\u00e7as \u00e0 tecnologia de diafragma.<\/li>\n<li>Utiliza o sistema de filtra\u00e7\u00e3o j\u00e1 existente.<\/li>\n<li>Instala\u00e7\u00e3o em poucos minutos, sem utiliza\u00e7\u00e3o de ferramentas.<\/li>\n<\/ul>\n<p>V\u00e1lvula de regula\u00e7\u00e3o autom\u00e1tica que permite um caudal de<br \/>\nfuncionamento ideal.<\/p>\n","protected":false},"excerpt":{"rendered":"<p>A economia aliada \u00e0 efic\u00e1cia O DV5000 limpa a sujidade [&hellip;]<\/p>\n","protected":false},"featured_media":439,"template":"","meta":[],"_links":{"self":[{"href":"https:\/\/rotinaspiscinas.pt\/index.php\/wp-json\/wp\/v2\/product\/438"}],"collection":[{"href":"https:\/\/rotinaspiscinas.pt\/index.php\/wp-json\/wp\/v2\/product"}],"about":[{"href":"https:\/\/rotinaspiscinas.pt\/index.php\/wp-json\/wp\/v2\/types\/product"}],"wp:featuredmedia":[{"embeddable":true,"href":"https:\/\/rotinaspiscinas.pt\/index.php\/wp-json\/wp\/v2\/media\/439"}],"wp:attachment":[{"href":"https:\/\/rotinaspiscinas.pt\/index.php\/wp-json\/wp\/v2\/media?parent=438"}],"curies":[{"name":"wp","href":"https:\/\/api.w.org\/{rel}","templated":true}]}}