{"id":445,"date":"2021-03-12T22:57:11","date_gmt":"2021-03-12T22:57:11","guid":{"rendered":"https:\/\/rotinaspiscinas.pt\/?post_type=product&#038;p=445"},"modified":"2021-03-12T22:57:11","modified_gmt":"2021-03-12T22:57:11","slug":"dolphin-wave-200xl","status":"publish","type":"product","link":"https:\/\/rotinaspiscinas.pt\/index.php\/product\/dolphin-wave-200xl\/","title":{"rendered":"Dolphin Wave 200XL"},"content":{"rendered":"<p>Para piscina p\u00fablicas at\u00e9 33 m de comprimento<\/p>\n<ul>\n<li>Recomendado para piscinas at\u00e9 33 m de comprimento<\/li>\n<li>Cabo de 35 m<\/li>\n<li>Sistema de limpeza linha a linha.<\/li>\n<li>Contorna obst\u00e1culos<\/li>\n<li>Ciclo de 1 a 8 horas<\/li>\n<li>Filtra\u00e7\u00e3o em espiral com 2 n\u00edveis de reten\u00e7\u00e3o<\/li>\n<li>S\u00f3 para fundo, n\u00e3o sobe paredes<\/li>\n<li>Carro de transporte<\/li>\n<li>2 escovas ativas e 4 escovas laterais<\/li>\n<li>Painel digital de controlo e an\u00e1lise do equipamento<\/li>\n<li>Comando \u00e0 dist\u00e2ncia (temporizador e navega\u00e7\u00e3o manual)<\/li>\n<li>Garantia por horas de utiliza\u00e7\u00e3o<\/li>\n<\/ul>\n","protected":false},"excerpt":{"rendered":"<p>Para piscina p\u00fablicas at\u00e9 33 m de comprimento Recomendado para [&hellip;]<\/p>\n","protected":false},"featured_media":446,"template":"","meta":[],"_links":{"self":[{"href":"https:\/\/rotinaspiscinas.pt\/index.php\/wp-json\/wp\/v2\/product\/445"}],"collection":[{"href":"https:\/\/rotinaspiscinas.pt\/index.php\/wp-json\/wp\/v2\/product"}],"about":[{"href":"https:\/\/rotinaspiscinas.pt\/index.php\/wp-json\/wp\/v2\/types\/product"}],"wp:featuredmedia":[{"embeddable":true,"href":"https:\/\/rotinaspiscinas.pt\/index.php\/wp-json\/wp\/v2\/media\/446"}],"wp:attachment":[{"href":"https:\/\/rotinaspiscinas.pt\/index.php\/wp-json\/wp\/v2\/media?parent=445"}],"curies":[{"name":"wp","href":"https:\/\/api.w.org\/{rel}","templated":true}]}}