{"id":448,"date":"2021-03-12T22:57:46","date_gmt":"2021-03-12T22:57:46","guid":{"rendered":"https:\/\/rotinaspiscinas.pt\/?post_type=product&#038;p=448"},"modified":"2021-03-12T22:57:46","modified_gmt":"2021-03-12T22:57:46","slug":"dolphin-wave-300xl","status":"publish","type":"product","link":"https:\/\/rotinaspiscinas.pt\/index.php\/product\/dolphin-wave-300xl\/","title":{"rendered":"Dolphin Wave 300XL"},"content":{"rendered":"<p>Para piscina p\u00fablicas at\u00e9 60 m de comprimento<\/p>\n<ul>\n<li>Recomendado para piscinas at\u00e9 60 m de comprimento<\/li>\n<li>Cabo de 50 m<\/li>\n<li>Sistema de limpeza linha a linha. Contorna obst\u00e1culos<\/li>\n<li>Ciclo de 1 a 8 horas<\/li>\n<li>Filtra\u00e7\u00e3o de 3 n\u00edveis de bolsas de acesso superior<\/li>\n<li>S\u00f3 para fundo, n\u00e3o sobe paredes<\/li>\n<li>Carro de transporte<\/li>\n<li>2 escovas ativas e 4 escovas laterais<\/li>\n<li>Painel digital de controlo e an\u00e1lise do equipamento<\/li>\n<li>Comando \u00e0 dist\u00e2ncia (temporizador e navega\u00e7\u00e3o manual)<\/li>\n<li>Garantia por horas de utiliza\u00e7\u00e3o<\/li>\n<\/ul>\n","protected":false},"excerpt":{"rendered":"<p>Para piscina p\u00fablicas at\u00e9 60 m de comprimento Recomendado para [&hellip;]<\/p>\n","protected":false},"featured_media":449,"template":"","meta":[],"_links":{"self":[{"href":"https:\/\/rotinaspiscinas.pt\/index.php\/wp-json\/wp\/v2\/product\/448"}],"collection":[{"href":"https:\/\/rotinaspiscinas.pt\/index.php\/wp-json\/wp\/v2\/product"}],"about":[{"href":"https:\/\/rotinaspiscinas.pt\/index.php\/wp-json\/wp\/v2\/types\/product"}],"wp:featuredmedia":[{"embeddable":true,"href":"https:\/\/rotinaspiscinas.pt\/index.php\/wp-json\/wp\/v2\/media\/449"}],"wp:attachment":[{"href":"https:\/\/rotinaspiscinas.pt\/index.php\/wp-json\/wp\/v2\/media?parent=448"}],"curies":[{"name":"wp","href":"https:\/\/api.w.org\/{rel}","templated":true}]}}