{"id":510,"date":"2021-03-13T19:18:26","date_gmt":"2021-03-13T19:18:26","guid":{"rendered":"https:\/\/rotinaspiscinas.pt\/?post_type=product&#038;p=510"},"modified":"2021-03-13T19:18:26","modified_gmt":"2021-03-13T19:18:26","slug":"resistencia-optima-compact","status":"publish","type":"product","link":"https:\/\/rotinaspiscinas.pt\/index.php\/product\/resistencia-optima-compact\/","title":{"rendered":"Resist\u00eancia Optima Compact"},"content":{"rendered":"<p>A resist\u00eancia el\u00e9trica mais avan\u00e7ada do mundo<\/p>\n<ul>\n<li>Robusta e dur\u00e1vel, constru\u00edda com os melhores elementos<br \/>\nexistentes no mercado.<\/li>\n<li>Excede as normas europeias em seguran\u00e7a e durabilidade.<\/li>\n<li>Painel de controlo \u2018\u2018Touch Screen\u2019\u2019.<\/li>\n<li>Compat\u00edvel com sistemas de gest\u00e3o (SGE ou dom\u00f3tica)<\/li>\n<li>Term\u00f3stato digital com precis\u00e3o de 0,5oC.<\/li>\n<li>Detetor de fluxo com sonda em ouro.<\/li>\n<li>Prioridade ao aquecimento.<\/li>\n<li>Rel\u00f3gio temporizador.<\/li>\n<li>Elementos de aquecimento e tubo em tit\u00e2nio<\/li>\n<li>Pot\u00eancias de 3 a 24kW.<\/li>\n<li>Liga\u00e7\u00f5es de 1 1\/2\u2019\u2019 ou uni\u00f5es de 50 mm.<\/li>\n<li>Dimens\u00f5es CxLxA: 592x200x219 mm<\/li>\n<\/ul>\n","protected":false},"excerpt":{"rendered":"<p>A resist\u00eancia el\u00e9trica mais avan\u00e7ada do mundo Robusta e dur\u00e1vel, [&hellip;]<\/p>\n","protected":false},"featured_media":500,"template":"","meta":[],"_links":{"self":[{"href":"https:\/\/rotinaspiscinas.pt\/index.php\/wp-json\/wp\/v2\/product\/510"}],"collection":[{"href":"https:\/\/rotinaspiscinas.pt\/index.php\/wp-json\/wp\/v2\/product"}],"about":[{"href":"https:\/\/rotinaspiscinas.pt\/index.php\/wp-json\/wp\/v2\/types\/product"}],"wp:featuredmedia":[{"embeddable":true,"href":"https:\/\/rotinaspiscinas.pt\/index.php\/wp-json\/wp\/v2\/media\/500"}],"wp:attachment":[{"href":"https:\/\/rotinaspiscinas.pt\/index.php\/wp-json\/wp\/v2\/media?parent=510"}],"curies":[{"name":"wp","href":"https:\/\/api.w.org\/{rel}","templated":true}]}}