{"id":511,"date":"2021-03-13T19:19:02","date_gmt":"2021-03-13T19:19:02","guid":{"rendered":"https:\/\/rotinaspiscinas.pt\/?post_type=product&#038;p=511"},"modified":"2021-03-13T19:19:02","modified_gmt":"2021-03-13T19:19:02","slug":"permutador-elecro-g2-multitubular","status":"publish","type":"product","link":"https:\/\/rotinaspiscinas.pt\/index.php\/product\/permutador-elecro-g2-multitubular\/","title":{"rendered":"Permutador Elecro G2 Multitubular"},"content":{"rendered":"<p>Robusto e dur\u00e1vel<\/p>\n<ul>\n<li>Tubos: tit\u00e2nio puro<\/li>\n<li>Liga\u00e7\u00f5es de \u00e1gua: a \u00e1gua da piscina &#8211; 1,5\u2019\u2019 ou 50 mm<br \/>\nadaptadores NB para conex\u00e3o do tubo de PVC ou ABS<\/li>\n<li>Circuito de aquecimento: 1\u2019\u2019 BSP<\/li>\n<li>Press\u00e3o em funcionamento: m\u00e1ximo de 4 bar<\/li>\n<li>Montagem: Na parede ou piso<\/li>\n<li>Padr\u00f5es de conformidade: Europeu de Compatibilidade Electromagn\u00e9tica 89\/336\/EEC e 93\/068\/EEC<\/li>\n<\/ul>\n","protected":false},"excerpt":{"rendered":"<p>Robusto e dur\u00e1vel Tubos: tit\u00e2nio puro Liga\u00e7\u00f5es de \u00e1gua: a [&hellip;]<\/p>\n","protected":false},"featured_media":512,"template":"","meta":[],"_links":{"self":[{"href":"https:\/\/rotinaspiscinas.pt\/index.php\/wp-json\/wp\/v2\/product\/511"}],"collection":[{"href":"https:\/\/rotinaspiscinas.pt\/index.php\/wp-json\/wp\/v2\/product"}],"about":[{"href":"https:\/\/rotinaspiscinas.pt\/index.php\/wp-json\/wp\/v2\/types\/product"}],"wp:featuredmedia":[{"embeddable":true,"href":"https:\/\/rotinaspiscinas.pt\/index.php\/wp-json\/wp\/v2\/media\/512"}],"wp:attachment":[{"href":"https:\/\/rotinaspiscinas.pt\/index.php\/wp-json\/wp\/v2\/media?parent=511"}],"curies":[{"name":"wp","href":"https:\/\/api.w.org\/{rel}","templated":true}]}}