{"id":518,"date":"2021-03-13T19:21:12","date_gmt":"2021-03-13T19:21:12","guid":{"rendered":"https:\/\/rotinaspiscinas.pt\/?post_type=product&#038;p=518"},"modified":"2021-03-13T19:21:13","modified_gmt":"2021-03-13T19:21:13","slug":"bomba-de-calor-garden-pac","status":"publish","type":"product","link":"https:\/\/rotinaspiscinas.pt\/index.php\/product\/bomba-de-calor-garden-pac\/","title":{"rendered":"Bomba de Calor Garden PAC"},"content":{"rendered":"<p>Efici\u00eancia e economia<\/p>\n<ul>\n<li>Alta Efici\u00eancia (C.O.P.)<\/li>\n<li>Compatibilidade com tratamento de sal<\/li>\n<li>Funcionamento a partir dos -7\u00baC (Gardenpac Comercial)<\/li>\n<li>Descongela\u00e7\u00e3o autom\u00e1tica por invers\u00e3o de ciclo<\/li>\n<li>Carro\u00e7aria anti-corros\u00e3o<\/li>\n<li>Econ\u00f3mica e silenciosa<\/li>\n<\/ul>\n<h4><\/h4>\n<h4>Tecnologia EE V<\/h4>\n<p>Tecnologia EEV 10x mais eficiente do que a capilar tradicional TXV controlando o fluxo de g\u00e1s e assegurando a efici\u00eancia energ\u00e9tica sob v\u00e1rias temperaturas ambiente.<br \/>\nO COP Garden Pac \u00e9 20% superior \u00e0s restantes bombas de calor normais que existem no mercado.<\/p>\n","protected":false},"excerpt":{"rendered":"<p>Efici\u00eancia e economia Alta Efici\u00eancia (C.O.P.) Compatibilidade com tratamento de [&hellip;]<\/p>\n","protected":false},"featured_media":519,"template":"","meta":[],"_links":{"self":[{"href":"https:\/\/rotinaspiscinas.pt\/index.php\/wp-json\/wp\/v2\/product\/518"}],"collection":[{"href":"https:\/\/rotinaspiscinas.pt\/index.php\/wp-json\/wp\/v2\/product"}],"about":[{"href":"https:\/\/rotinaspiscinas.pt\/index.php\/wp-json\/wp\/v2\/types\/product"}],"wp:featuredmedia":[{"embeddable":true,"href":"https:\/\/rotinaspiscinas.pt\/index.php\/wp-json\/wp\/v2\/media\/519"}],"wp:attachment":[{"href":"https:\/\/rotinaspiscinas.pt\/index.php\/wp-json\/wp\/v2\/media?parent=518"}],"curies":[{"name":"wp","href":"https:\/\/api.w.org\/{rel}","templated":true}]}}