{"id":520,"date":"2021-03-13T19:21:41","date_gmt":"2021-03-13T19:21:41","guid":{"rendered":"https:\/\/rotinaspiscinas.pt\/?post_type=product&#038;p=520"},"modified":"2021-03-13T19:21:41","modified_gmt":"2021-03-13T19:21:41","slug":"bomba-de-calor-hayward-hch","status":"publish","type":"product","link":"https:\/\/rotinaspiscinas.pt\/index.php\/product\/bomba-de-calor-hayward-hch\/","title":{"rendered":"Bomba de calor Hayward HCH"},"content":{"rendered":"<p>Bomba de calor de grande capacidade<\/p>\n<ul>\n<li>Funcionamento para todas as esta\u00e7\u00f5es, at\u00e9 -15 \u00baC<\/li>\n<li>Revers\u00edvel (aquecimento \/ arrefecimento)<\/li>\n<li>Sistema de descongelamento por invers\u00e3o de ciclo<\/li>\n<li>Compressor Scroll Copeland<\/li>\n<li>V\u00e1lvula de expans\u00e3o eletr\u00f3nica<\/li>\n<li>Painel de controlo grande e de f\u00e1cil acesso<\/li>\n<li>Carro\u00e7aria em chapa com pintura anti corrosiva<\/li>\n<li>Liga\u00e7\u00f5es de 63 mm ou 110 mm<\/li>\n<li>Temperatura m\u00e1xima admitida: 90oC.<\/li>\n<\/ul>\n","protected":false},"excerpt":{"rendered":"<p>Bomba de calor de grande capacidade Funcionamento para todas as [&hellip;]<\/p>\n","protected":false},"featured_media":521,"template":"","meta":[],"_links":{"self":[{"href":"https:\/\/rotinaspiscinas.pt\/index.php\/wp-json\/wp\/v2\/product\/520"}],"collection":[{"href":"https:\/\/rotinaspiscinas.pt\/index.php\/wp-json\/wp\/v2\/product"}],"about":[{"href":"https:\/\/rotinaspiscinas.pt\/index.php\/wp-json\/wp\/v2\/types\/product"}],"wp:featuredmedia":[{"embeddable":true,"href":"https:\/\/rotinaspiscinas.pt\/index.php\/wp-json\/wp\/v2\/media\/521"}],"wp:attachment":[{"href":"https:\/\/rotinaspiscinas.pt\/index.php\/wp-json\/wp\/v2\/media?parent=520"}],"curies":[{"name":"wp","href":"https:\/\/api.w.org\/{rel}","templated":true}]}}