{"id":526,"date":"2021-03-13T19:24:19","date_gmt":"2021-03-13T19:24:19","guid":{"rendered":"https:\/\/rotinaspiscinas.pt\/?post_type=product&#038;p=526"},"modified":"2021-03-13T19:24:20","modified_gmt":"2021-03-13T19:24:20","slug":"bomba-de-calor-energyline-pro","status":"publish","type":"product","link":"https:\/\/rotinaspiscinas.pt\/index.php\/product\/bomba-de-calor-energyline-pro\/","title":{"rendered":"Bomba de calor Energyline PRO"},"content":{"rendered":"<p>Produto ideal para piscinas de interior e em zonas mais frias<\/p>\n<ul>\n<li>Concebida para funcionar at\u00e9 -12\u00baC gra\u00e7as ao seu regulador<br \/>\nelectr\u00f3nico<\/li>\n<li>Descongela\u00e7\u00e3o autom\u00e1tica por invers\u00e3o de ciclo<\/li>\n<li>Permutador em Tit\u00e2nio-PVC ultra-resistente<\/li>\n<li>Controlo \u201ctouch screen\u201d<\/li>\n<li>Fun\u00e7\u00e3o revers\u00edvel e autom\u00e1tica<\/li>\n<li>Modo \u201cnoite\u201d para um funcionamento mais silencioso<\/li>\n<li>Fun\u00e7\u00e3o prioridade de Aquecimento<\/li>\n<li>M\u00f3dulo wi-fi inclu\u00eddo.<\/li>\n<li>Duplo ventilador<\/li>\n<\/ul>\n<h4><\/h4>\n<h4>Smart Temp<\/h4>\n<p>Utiliz\u00e1vel com um smartphone, um tablet, ou um PC, o m\u00f3dulo Smart Temp permite visualizar em tempo real as principais informa\u00e7\u00f5es e modificar par\u00e2metros: temperatura, per\u00edodo de funcionamento, modo<br \/>\nde utiliza\u00e7\u00e3o.<\/p>\n","protected":false},"excerpt":{"rendered":"<p>Produto ideal para piscinas de interior e em zonas mais [&hellip;]<\/p>\n","protected":false},"featured_media":527,"template":"","meta":[],"_links":{"self":[{"href":"https:\/\/rotinaspiscinas.pt\/index.php\/wp-json\/wp\/v2\/product\/526"}],"collection":[{"href":"https:\/\/rotinaspiscinas.pt\/index.php\/wp-json\/wp\/v2\/product"}],"about":[{"href":"https:\/\/rotinaspiscinas.pt\/index.php\/wp-json\/wp\/v2\/types\/product"}],"wp:featuredmedia":[{"embeddable":true,"href":"https:\/\/rotinaspiscinas.pt\/index.php\/wp-json\/wp\/v2\/media\/527"}],"wp:attachment":[{"href":"https:\/\/rotinaspiscinas.pt\/index.php\/wp-json\/wp\/v2\/media?parent=526"}],"curies":[{"name":"wp","href":"https:\/\/api.w.org\/{rel}","templated":true}]}}