{"id":534,"date":"2021-03-13T19:26:59","date_gmt":"2021-03-13T19:26:59","guid":{"rendered":"https:\/\/rotinaspiscinas.pt\/?post_type=product&#038;p=534"},"modified":"2021-03-13T19:27:00","modified_gmt":"2021-03-13T19:27:00","slug":"bomba-aquax-com-funcao-4-estacoes","status":"publish","type":"product","link":"https:\/\/rotinaspiscinas.pt\/index.php\/product\/bomba-aquax-com-funcao-4-estacoes\/","title":{"rendered":"Bomba AquaX com fun\u00e7\u00e3o 4 esta\u00e7\u00f5es"},"content":{"rendered":"<p><strong>Super Silenciosa:<\/strong><\/p>\n<ul>\n<li>5 vezes mais silencioso do que a GardenPac<\/li>\n<li>10 vezes mais silencioso que as Inverter standard<\/li>\n<li>15 vezes mais silencioso do que bombas de calor On\/Off<\/li>\n<li>A \u00fanica bomba de calor sem ru\u00eddos do compressor, eliminando assim todos os sons de alta frequ\u00eancia<\/li>\n<li>Elimina problemas de ruido com a vizinhan\u00e7a e cria um bom ambiente na zona de nata\u00e7\u00e3o<\/li>\n<\/ul>\n<p><strong>Turbo e Poupan\u00e7a em simult\u00e2neo:<\/strong><\/p>\n<ul>\n<li>COP 20~30% mais elevado do que a GardenPac FullInverter<\/li>\n<li>COP 50~70% superior \u00e0s Standard Inverter<\/li>\n<li>COP 3 X superior \u00e0s On\/Off (Pense grande)<\/li>\n<li>Capacidade extra de 20% para um aquecimento mais r\u00e1pido,<\/li>\n<li>COP ainda mais elevado do que outros<\/li>\n<li>Capacidade m\u00e9dia a 50% para manter a temperatura da piscina<\/li>\n<\/ul>\n<p>&nbsp;<\/p>\n<p><strong>O que \u00e9 a tecnologia TurboSilence?<\/strong><\/p>\n<p>Todo o sistema de controlo Turbo-Silence \u00e9 otimizado com base na tecnologia Full-inverter. A tecnologia principal \u00e9 a de equilibrar perfeitamente o<\/p>\n<p>Controlo de inversor-compressor + tecnologia de permuta de calor<\/p>\n<p>para todo o sistema (ventilador vari\u00e1vel+compressor vari\u00e1vel+v\u00e1lvula de expans\u00e3o eletr\u00f3nica controlada atrav\u00e9s de software e da leitura das 5 sondas de temperatura em pontos chave do circuito de frio).<\/p>\n<p>Combinar Turbo &amp; Silence em harmonia, o que lhe trar\u00e1 Paix\u00e3o &amp; Paz com um sentido incomum.<\/p>\n","protected":false},"excerpt":{"rendered":"<p>Super Silenciosa: 5 vezes mais silencioso do que a GardenPac [&hellip;]<\/p>\n","protected":false},"featured_media":536,"template":"","meta":[],"_links":{"self":[{"href":"https:\/\/rotinaspiscinas.pt\/index.php\/wp-json\/wp\/v2\/product\/534"}],"collection":[{"href":"https:\/\/rotinaspiscinas.pt\/index.php\/wp-json\/wp\/v2\/product"}],"about":[{"href":"https:\/\/rotinaspiscinas.pt\/index.php\/wp-json\/wp\/v2\/types\/product"}],"wp:featuredmedia":[{"embeddable":true,"href":"https:\/\/rotinaspiscinas.pt\/index.php\/wp-json\/wp\/v2\/media\/536"}],"wp:attachment":[{"href":"https:\/\/rotinaspiscinas.pt\/index.php\/wp-json\/wp\/v2\/media?parent=534"}],"curies":[{"name":"wp","href":"https:\/\/api.w.org\/{rel}","templated":true}]}}