{"id":535,"date":"2021-03-13T19:26:54","date_gmt":"2021-03-13T19:26:54","guid":{"rendered":"https:\/\/rotinaspiscinas.pt\/?post_type=product&#038;p=535"},"modified":"2021-03-13T19:26:55","modified_gmt":"2021-03-13T19:26:55","slug":"bomba-de-calor-mini-garden-pac","status":"publish","type":"product","link":"https:\/\/rotinaspiscinas.pt\/index.php\/product\/bomba-de-calor-mini-garden-pac\/","title":{"rendered":"Bomba de calor Mini Garden PAC"},"content":{"rendered":"<p>Mini bomba de calor ideal para piscinas acima do solo<\/p>\n<ul>\n<li>Antecipe a \u00e9poca balnear, disfrute da sua piscina e aproveite os bons momentos com a fam\u00edlia<\/li>\n<li>Super economia de energia: Pague 1kw e obtenha 4,5kw<\/li>\n<li>G\u00e1s ecol\u00f3gico R32<\/li>\n<li>F\u00e1cil instala\u00e7\u00e3o Plug &amp; Play<\/li>\n<li>Intervalo de funcionamento com ar 10~43\u00baC<\/li>\n<\/ul>\n","protected":false},"excerpt":{"rendered":"<p>Mini bomba de calor ideal para piscinas acima do solo [&hellip;]<\/p>\n","protected":false},"featured_media":537,"template":"","meta":[],"_links":{"self":[{"href":"https:\/\/rotinaspiscinas.pt\/index.php\/wp-json\/wp\/v2\/product\/535"}],"collection":[{"href":"https:\/\/rotinaspiscinas.pt\/index.php\/wp-json\/wp\/v2\/product"}],"about":[{"href":"https:\/\/rotinaspiscinas.pt\/index.php\/wp-json\/wp\/v2\/types\/product"}],"wp:featuredmedia":[{"embeddable":true,"href":"https:\/\/rotinaspiscinas.pt\/index.php\/wp-json\/wp\/v2\/media\/537"}],"wp:attachment":[{"href":"https:\/\/rotinaspiscinas.pt\/index.php\/wp-json\/wp\/v2\/media?parent=535"}],"curies":[{"name":"wp","href":"https:\/\/api.w.org\/{rel}","templated":true}]}}