{"id":538,"date":"2021-03-13T19:28:33","date_gmt":"2021-03-13T19:28:33","guid":{"rendered":"https:\/\/rotinaspiscinas.pt\/?post_type=product&#038;p=538"},"modified":"2021-03-13T19:28:34","modified_gmt":"2021-03-13T19:28:34","slug":"bomba-de-calor-garden-pac-full-inverter-r32","status":"publish","type":"product","link":"https:\/\/rotinaspiscinas.pt\/index.php\/product\/bomba-de-calor-garden-pac-full-inverter-r32\/","title":{"rendered":"Bomba de calor Garden PAC Full Inverter R32"},"content":{"rendered":"<p>Baixa velocidade = Silenciosa<br \/>\nA Bomba de Calor Inverter Garden PAC est\u00e1 equipada com a tecnologia<br \/>\nFull-inverter\u2122, que \u00e9 uma tecnologia exclusivamente 100 % inverter. Ao ajustar a velocidade do compressor hertz por hertz, e a velocidade do ventilador rota\u00e7\u00e3o por rota\u00e7\u00e3o, ela adequa de modo inteligente a temperatura da piscina com uma cont\u00ednua e \u00f3tima efici\u00eancia.<\/p>\n<p>Gra\u00e7as \u00e0 filosofia de funcionamento de baixa velocidade,<br \/>\npermite-lhe uma experi\u00eancia 10 vezes mais silenciosa durante mais<br \/>\nde 95 % da \u00e9poca da piscina.<\/p>\n<h4><\/h4>\n<h4>O R32 comparado ao R410A<\/h4>\n<ul>\n<li>Maior capacidade de aquecimento: o COP (coeficiente de desempenho) aumenta em 2 a 3%<\/li>\n<li>Ecol\u00f3gico: potencial de aquecimento global 2 a 3 vezes menor<\/li>\n<li>Econ\u00f3mico: redu\u00e7\u00e3o de custos de g\u00e1s<\/li>\n<\/ul>\n<h4><\/h4>\n<h4>Arranque suave<\/h4>\n<p>Quando a bomba de calor se liga, a corrente el\u00e9trica come\u00e7ar\u00e1<br \/>\nde 0A at\u00e9 chegar lentamente \u00e0 corrente nominal em 2 minutos.<br \/>\nN\u00e3o afetar\u00e1 o sistema el\u00e9trico da casa. Por sua vez, a corrente de<br \/>\narranque de uma bomba de calor normal On\/Off \u00e9 5 vezes superior<br \/>\nao da corrente nominal, sendo um fardo para o sistema el\u00e9trico.<br \/>\nInclui m\u00f3dulo de Wi-Fi para controlo remoto, prioridade ao aquecimento e cobertura de inverno<\/p>\n","protected":false},"excerpt":{"rendered":"<p>Baixa velocidade = Silenciosa A Bomba de Calor Inverter Garden [&hellip;]<\/p>\n","protected":false},"featured_media":541,"template":"","meta":[],"_links":{"self":[{"href":"https:\/\/rotinaspiscinas.pt\/index.php\/wp-json\/wp\/v2\/product\/538"}],"collection":[{"href":"https:\/\/rotinaspiscinas.pt\/index.php\/wp-json\/wp\/v2\/product"}],"about":[{"href":"https:\/\/rotinaspiscinas.pt\/index.php\/wp-json\/wp\/v2\/types\/product"}],"wp:featuredmedia":[{"embeddable":true,"href":"https:\/\/rotinaspiscinas.pt\/index.php\/wp-json\/wp\/v2\/media\/541"}],"wp:attachment":[{"href":"https:\/\/rotinaspiscinas.pt\/index.php\/wp-json\/wp\/v2\/media?parent=538"}],"curies":[{"name":"wp","href":"https:\/\/api.w.org\/{rel}","templated":true}]}}