{"id":540,"date":"2021-03-13T19:28:44","date_gmt":"2021-03-13T19:28:44","guid":{"rendered":"https:\/\/rotinaspiscinas.pt\/?post_type=product&#038;p=540"},"modified":"2021-03-13T19:28:44","modified_gmt":"2021-03-13T19:28:44","slug":"bomba-de-calor-garden-pac-invertech-ventilacao-vertical","status":"publish","type":"product","link":"https:\/\/rotinaspiscinas.pt\/index.php\/product\/bomba-de-calor-garden-pac-invertech-ventilacao-vertical\/","title":{"rendered":"Bomba de calor Garden PAC invertech ventila\u00e7\u00e3o vertical"},"content":{"rendered":"<p>\u00danica bomba de calor com fun\u00e7\u00e3o Booster<\/p>\n<ul>\n<li>A nova tecnologia Inverturbo \u00e9 otimizada com base na tecnologia Full-inverter.<\/li>\n<li>No in\u00edcio da temporada, o Inverturbo \u00e9 capaz de aquecer a piscina rapidamente com capacidade de aquecimento extra de 20% com apenas um clique no bot\u00e3o.<\/li>\n<li>Pode gerar uma capacidade de aquecimento extra de 20% para aumentar a velocidade de aquecimento da sua piscina.<\/li>\n<li>Funcionamento a partir da temperatura do ar a -7~43\u00baC.<\/li>\n<li>Dupla fun\u00e7\u00e3o: aquecimento e arrefecimento<\/li>\n<\/ul>\n","protected":false},"excerpt":{"rendered":"<p>\u00danica bomba de calor com fun\u00e7\u00e3o Booster A nova tecnologia [&hellip;]<\/p>\n","protected":false},"featured_media":543,"template":"","meta":[],"_links":{"self":[{"href":"https:\/\/rotinaspiscinas.pt\/index.php\/wp-json\/wp\/v2\/product\/540"}],"collection":[{"href":"https:\/\/rotinaspiscinas.pt\/index.php\/wp-json\/wp\/v2\/product"}],"about":[{"href":"https:\/\/rotinaspiscinas.pt\/index.php\/wp-json\/wp\/v2\/types\/product"}],"wp:featuredmedia":[{"embeddable":true,"href":"https:\/\/rotinaspiscinas.pt\/index.php\/wp-json\/wp\/v2\/media\/543"}],"wp:attachment":[{"href":"https:\/\/rotinaspiscinas.pt\/index.php\/wp-json\/wp\/v2\/media?parent=540"}],"curies":[{"name":"wp","href":"https:\/\/api.w.org\/{rel}","templated":true}]}}