{"id":545,"date":"2021-03-13T19:30:41","date_gmt":"2021-03-13T19:30:41","guid":{"rendered":"https:\/\/rotinaspiscinas.pt\/?post_type=product&#038;p=545"},"modified":"2021-03-13T19:30:41","modified_gmt":"2021-03-13T19:30:41","slug":"poolcop-evolution","status":"publish","type":"product","link":"https:\/\/rotinaspiscinas.pt\/index.php\/product\/poolcop-evolution\/","title":{"rendered":"Poolcop Evolution"},"content":{"rendered":"<p>Uma piscina conectada, sem problemas, com baixo consumo, cristalina e linda durante todo o ano.<\/p>\n<p>Concebido em torno de uma v\u00e1lvula autom\u00e1tica de confian\u00e7a, PoolCop \u00e9 o primeiro e \u00fanico dispositivo que administra o sistema de filtra\u00e7\u00e3o, encarando-o como o respons\u00e1vel directo da melhoria da qualidade da \u00e1gua, que permite ver e controlar a piscina atrav\u00e9s do computador, tablet ou smartphone, em qualquer parte do mundo.<\/p>\n<p><strong>Vantagens<\/strong><\/p>\n<ul>\n<li>Adapta-se a qualquer filtro de 1 1\/2\u2019\u2019 ou 2\u2019\u2019.<\/li>\n<li>Controla equipamentos existentes.<\/li>\n<li>F\u00e1cil de instalar!<\/li>\n<li>Poupe energia (-32%), \u00e1gua e qu\u00edmicos (-50%)<\/li>\n<li>Proteja a sua sa\u00fade, cuide do planeta<\/li>\n<li>Desfrute do seu tempo livre<\/li>\n<\/ul>\n<p>&nbsp;<\/p>\n<ul>\n<li><em class=\"underline\">ETAPA 1<\/em>: Selecionar o PoolCop<br \/>\nPoolCop \u2018\u2018A piscina em piloto autom\u00e1tico\u2019\u2019<br \/>\nTodas as funcionalidades para um conforto m\u00e1ximo<\/li>\n<li><em class=\"underline\">ETAPA 2:<\/em>\u00a0Selecionar um kit de liga\u00e7\u00e3o<br \/>\nKit de liga\u00e7\u00f5es para adaptar o PoolCop a um filtro existente ou a um filtro novo.<\/li>\n<li><em class=\"underline\">ETAPA 3:<\/em>\u00a0Gest\u00e3o do n\u00edvel de \u00e1gua<br \/>\nPara gerir o n\u00edvel de \u00e1gua automaticamente, em tanque de compensa\u00e7\u00e3o ou skimmer.<\/li>\n<li><em class=\"underline\">ETAPA 4:<\/em>\u00a0Controlo de pH e desinfe\u00e7\u00e3o<br \/>\nMede e controla o pH e o ORP (cloro, eletr\u00f3lise, etc.)<\/li>\n<li><em class=\"underline\">ETAPA 5:<\/em>\u00a0Opcionais<br \/>\nPowerline &#8211; Permite a conex\u00e3o com o router de internet por meio da rede el\u00e9trica local, n\u00e3o precisa puxar um cabo RJ45.<br \/>\nXM8 &#8211; Modulo com 8 rel\u00e9s extras. Permite adicionar mais equipamentos.<br \/>\nEletrov\u00e1lvula de seguran\u00e7a para esgoto 24 VAC.<\/li>\n<\/ul>\n","protected":false},"excerpt":{"rendered":"<p>Uma piscina conectada, sem problemas, com baixo consumo, cristalina e [&hellip;]<\/p>\n","protected":false},"featured_media":451,"template":"","meta":[],"_links":{"self":[{"href":"https:\/\/rotinaspiscinas.pt\/index.php\/wp-json\/wp\/v2\/product\/545"}],"collection":[{"href":"https:\/\/rotinaspiscinas.pt\/index.php\/wp-json\/wp\/v2\/product"}],"about":[{"href":"https:\/\/rotinaspiscinas.pt\/index.php\/wp-json\/wp\/v2\/types\/product"}],"wp:featuredmedia":[{"embeddable":true,"href":"https:\/\/rotinaspiscinas.pt\/index.php\/wp-json\/wp\/v2\/media\/451"}],"wp:attachment":[{"href":"https:\/\/rotinaspiscinas.pt\/index.php\/wp-json\/wp\/v2\/media?parent=545"}],"curies":[{"name":"wp","href":"https:\/\/api.w.org\/{rel}","templated":true}]}}