{"id":546,"date":"2021-03-13T19:31:39","date_gmt":"2021-03-13T19:31:39","guid":{"rendered":"https:\/\/rotinaspiscinas.pt\/?post_type=product&#038;p=546"},"modified":"2021-03-13T19:31:39","modified_gmt":"2021-03-13T19:31:39","slug":"quadro-eletrico-h-power","status":"publish","type":"product","link":"https:\/\/rotinaspiscinas.pt\/index.php\/product\/quadro-eletrico-h-power\/","title":{"rendered":"Quadro El\u00e9trico H-Power"},"content":{"rendered":"<p>Quadro el\u00e9trico \u00fanico para bombas de piscina at\u00e9 3 CV<\/p>\n<ul>\n<li>2 programadores hor\u00e1rios para a filtra\u00e7\u00e3o e um programador para a ilumina\u00e7\u00e3o.<\/li>\n<li>Calibra\u00e7\u00e3o autom\u00e1tica do consumo nominal da bomba de circula\u00e7\u00e3o para dete\u00e7\u00e3o de sobrecarga.<\/li>\n<li>Inclui prote\u00e7\u00e3o de sobrecarga<\/li>\n<li>Diferencial de prote\u00e7\u00e3o 30mA<\/li>\n<li>2 op\u00e7\u00f5es de transformador: 100VA e 300VA<\/li>\n<li>S\u00f3 para bombas monof\u00e1sicas<\/li>\n<\/ul>\n","protected":false},"excerpt":{"rendered":"<p>Quadro el\u00e9trico \u00fanico para bombas de piscina at\u00e9 3 CV [&hellip;]<\/p>\n","protected":false},"featured_media":548,"template":"","meta":[],"_links":{"self":[{"href":"https:\/\/rotinaspiscinas.pt\/index.php\/wp-json\/wp\/v2\/product\/546"}],"collection":[{"href":"https:\/\/rotinaspiscinas.pt\/index.php\/wp-json\/wp\/v2\/product"}],"about":[{"href":"https:\/\/rotinaspiscinas.pt\/index.php\/wp-json\/wp\/v2\/types\/product"}],"wp:featuredmedia":[{"embeddable":true,"href":"https:\/\/rotinaspiscinas.pt\/index.php\/wp-json\/wp\/v2\/media\/548"}],"wp:attachment":[{"href":"https:\/\/rotinaspiscinas.pt\/index.php\/wp-json\/wp\/v2\/media?parent=546"}],"curies":[{"name":"wp","href":"https:\/\/api.w.org\/{rel}","templated":true}]}}