{"id":551,"date":"2021-03-13T19:33:11","date_gmt":"2021-03-13T19:33:11","guid":{"rendered":"https:\/\/rotinaspiscinas.pt\/?post_type=product&#038;p=551"},"modified":"2021-03-13T19:33:11","modified_gmt":"2021-03-13T19:33:11","slug":"quadro-eletrico-de-regulacao-nivel-de-agua","status":"publish","type":"product","link":"https:\/\/rotinaspiscinas.pt\/index.php\/product\/quadro-eletrico-de-regulacao-nivel-de-agua\/","title":{"rendered":"Quadro El\u00e9trico de Regula\u00e7\u00e3o n\u00edvel de \u00e1gua"},"content":{"rendered":"<ul>\n<li>Ideal administrar o n\u00edvel de piscina com tanque mais amarelo (efeito de espelho)<\/li>\n<li>Tipos diferentes de descoberta nivelada: sondas, tubo, etc.<\/li>\n<li>Muitas caracter\u00edsticas: recheio autom\u00e1tico, esvaziando, controle de bomba (pare, opera\u00e7\u00e3o for\u00e7ada)<\/li>\n<li>Prote\u00e7\u00e3o de Bomba contra falta de \u00e1gua<\/li>\n<li>&#8220;Muito cheio&#8221; e &#8220;falta de \u00e1gua&#8221; informationse de intervalo.<\/li>\n<li>Utilizado em tanques de compensa\u00e7\u00e3o de piscinas de transbordos<\/li>\n<li>Controle de reposi\u00e7\u00e3o de \u00e1gua.<\/li>\n<li>Seguran\u00e7a de falta de \u00e1gua e marcha for\u00e7ada da bomba de filtra\u00e7\u00e3o.<\/li>\n<li>Inclui 5 sondas, 1 electrov\u00e1lvula de 1\u201d 24 volts, filtro de rede.<\/li>\n<\/ul>\n","protected":false},"excerpt":{"rendered":"<p>Ideal administrar o n\u00edvel de piscina com tanque mais amarelo [&hellip;]<\/p>\n","protected":false},"featured_media":553,"template":"","meta":[],"_links":{"self":[{"href":"https:\/\/rotinaspiscinas.pt\/index.php\/wp-json\/wp\/v2\/product\/551"}],"collection":[{"href":"https:\/\/rotinaspiscinas.pt\/index.php\/wp-json\/wp\/v2\/product"}],"about":[{"href":"https:\/\/rotinaspiscinas.pt\/index.php\/wp-json\/wp\/v2\/types\/product"}],"wp:featuredmedia":[{"embeddable":true,"href":"https:\/\/rotinaspiscinas.pt\/index.php\/wp-json\/wp\/v2\/media\/553"}],"wp:attachment":[{"href":"https:\/\/rotinaspiscinas.pt\/index.php\/wp-json\/wp\/v2\/media?parent=551"}],"curies":[{"name":"wp","href":"https:\/\/api.w.org\/{rel}","templated":true}]}}