{"id":563,"date":"2021-03-13T19:44:12","date_gmt":"2021-03-13T19:44:12","guid":{"rendered":"https:\/\/rotinaspiscinas.pt\/?post_type=product&#038;p=563"},"modified":"2021-03-13T19:44:12","modified_gmt":"2021-03-13T19:44:12","slug":"filtro-swim-clear-4-cartuchos","status":"publish","type":"product","link":"https:\/\/rotinaspiscinas.pt\/index.php\/product\/filtro-swim-clear-4-cartuchos\/","title":{"rendered":"Filtro Swim Clear 4 cartuchos"},"content":{"rendered":"<ul>\n<li>Filtro multi-cartuchos de grande capacidade.<\/li>\n<li>Excelente qualidade de filtra\u00e7\u00e3o.<\/li>\n<li>Econ\u00f3mico e ecol\u00f3gico<\/li>\n<\/ul>\n<p>&nbsp;<\/p>\n<p><strong>AS VANTAGENS<\/strong><\/p>\n<ul>\n<li>Otimiza\u00e7\u00e3o da hidr\u00e1ulica: melhor reparti\u00e7\u00e3o da \u00e1gua em volta dos cartuchos \u2013 o filtro capta mais res\u00edduos.<\/li>\n<li>Instala\u00e7\u00e3o e manuten\u00e7\u00e3o f\u00e1ceis.<\/li>\n<li>Filtra\u00e7\u00e3o eco-respons\u00e1vel: baixo consumo de energia e de produtos qu\u00edmicos.<\/li>\n<\/ul>\n<p>&nbsp;<\/p>\n<p><strong>EFIC\u00c1CIA DA FILTRA\u00c7\u00c3O<\/strong><\/p>\n<ul>\n<li>Precis\u00e3o de filtra\u00e7\u00e3o 2 vezes melhor que a dum filtro de areia. Grande capacidade de reten\u00e7\u00e3o.<\/li>\n<li>Reparti\u00e7\u00e3o dos res\u00edduos e melhor utiliza\u00e7\u00e3o da superf\u00edcie filtrante.<\/li>\n<li>A precis\u00e3o de filtra\u00e7\u00e3o garante uma \u00e1gua l\u00edmpida com menor utiliza\u00e7\u00e3o de produtos qu\u00edmicos.<\/li>\n<\/ul>\n<p>&nbsp;<\/p>\n<p><strong>DESEMPENHOS HIDR\u00c1ULICOS<\/strong><\/p>\n<ul>\n<li>Perdas de carga muito fracas, at\u00e9 10 vezes menos importantes que as dum filtro cl\u00e1ssico.<\/li>\n<li>A combina\u00e7\u00e3o com uma bomba de velocidade vari\u00e1vel permite otimizar as despesas energ\u00e9ticas, gra\u00e7as a uma filtra\u00e7\u00e3o cont\u00ednua em regime baixo.<\/li>\n<\/ul>\n<p>&nbsp;<\/p>\n<p><strong>MANUTEN\u00c7\u00c3O F\u00c1CIL E REDUZIDA<\/strong><\/p>\n<ul>\n<li>Reduzida ocupa\u00e7\u00e3o de espa\u00e7o, em fun\u00e7\u00e3o da grande area de filtra\u00e7\u00e3o.<\/li>\n<li>Composto por 2 sec\u00e7\u00f5es, que facilitam o acesso ao interior para lavagem ou substitui\u00e7\u00e3o dos elementos.<\/li>\n<li>Redu\u00e7\u00e3o da frequ\u00eancia das limpezas gra\u00e7as a uma melhor capacidade de reten\u00e7\u00e3o<\/li>\n<\/ul>\n","protected":false},"excerpt":{"rendered":"<p>Filtro multi-cartuchos de grande capacidade. Excelente qualidade de filtra\u00e7\u00e3o. Econ\u00f3mico [&hellip;]<\/p>\n","protected":false},"featured_media":564,"template":"","meta":[],"_links":{"self":[{"href":"https:\/\/rotinaspiscinas.pt\/index.php\/wp-json\/wp\/v2\/product\/563"}],"collection":[{"href":"https:\/\/rotinaspiscinas.pt\/index.php\/wp-json\/wp\/v2\/product"}],"about":[{"href":"https:\/\/rotinaspiscinas.pt\/index.php\/wp-json\/wp\/v2\/types\/product"}],"wp:featuredmedia":[{"embeddable":true,"href":"https:\/\/rotinaspiscinas.pt\/index.php\/wp-json\/wp\/v2\/media\/564"}],"wp:attachment":[{"href":"https:\/\/rotinaspiscinas.pt\/index.php\/wp-json\/wp\/v2\/media?parent=563"}],"curies":[{"name":"wp","href":"https:\/\/api.w.org\/{rel}","templated":true}]}}