{"id":569,"date":"2021-03-13T19:47:03","date_gmt":"2021-03-13T19:47:03","guid":{"rendered":"https:\/\/rotinaspiscinas.pt\/?post_type=product&#038;p=569"},"modified":"2021-03-13T19:47:03","modified_gmt":"2021-03-13T19:47:03","slug":"pack-filtracao-completo-hayward","status":"publish","type":"product","link":"https:\/\/rotinaspiscinas.pt\/index.php\/product\/pack-filtracao-completo-hayward\/","title":{"rendered":"PACK FILTRA\u00c7\u00c3O COMPLETO HAYWARD"},"content":{"rendered":"<p><strong>Vers\u00e3o 500:<\/strong><\/p>\n<ul>\n<li>Filtro Laminado HL\/TL 520mm<\/li>\n<li>Bomba K-Flo 0,75 cv Mono<\/li>\n<li>Eletrolisador Aqr-Flo Basic 16 gr<\/li>\n<li>Bomba Doseadora Prim Evolution pH<\/li>\n<li>Quadro Elec. H-Power Mono c\/ Dif +Trf 100W<\/li>\n<\/ul>\n<p>&nbsp;<\/p>\n<p><strong>Vers\u00e3o 600:<\/strong><\/p>\n<ul>\n<li>Filtro Laminado HL\/TL 640 mm<\/li>\n<li>Bomba K-Flo 1 cv Mono<\/li>\n<li>Eletrolisador Aqr-Flo Basic 22 gr<\/li>\n<li>Bomba Doseadora Prim Evolution pH<\/li>\n<li>Quadro Elec. H-Power Mono c\/ Dif +Trf 100W<\/li>\n<\/ul>\n","protected":false},"excerpt":{"rendered":"<p>Vers\u00e3o 500: Filtro Laminado HL\/TL 520mm Bomba K-Flo 0,75 cv [&hellip;]<\/p>\n","protected":false},"featured_media":570,"template":"","meta":[],"_links":{"self":[{"href":"https:\/\/rotinaspiscinas.pt\/index.php\/wp-json\/wp\/v2\/product\/569"}],"collection":[{"href":"https:\/\/rotinaspiscinas.pt\/index.php\/wp-json\/wp\/v2\/product"}],"about":[{"href":"https:\/\/rotinaspiscinas.pt\/index.php\/wp-json\/wp\/v2\/types\/product"}],"wp:featuredmedia":[{"embeddable":true,"href":"https:\/\/rotinaspiscinas.pt\/index.php\/wp-json\/wp\/v2\/media\/570"}],"wp:attachment":[{"href":"https:\/\/rotinaspiscinas.pt\/index.php\/wp-json\/wp\/v2\/media?parent=569"}],"curies":[{"name":"wp","href":"https:\/\/api.w.org\/{rel}","templated":true}]}}