{"id":571,"date":"2021-03-13T19:47:01","date_gmt":"2021-03-13T19:47:01","guid":{"rendered":"https:\/\/rotinaspiscinas.pt\/?post_type=product&#038;p=571"},"modified":"2021-03-13T19:47:01","modified_gmt":"2021-03-13T19:47:01","slug":"locais-tecnicos-elevados","status":"publish","type":"product","link":"https:\/\/rotinaspiscinas.pt\/index.php\/product\/locais-tecnicos-elevados\/","title":{"rendered":"Locais t\u00e9cnicos elevados"},"content":{"rendered":"<p>F\u00e1cil acesso e instala\u00e7\u00e3o<br \/>\nF\u00e1cil manuten\u00e7\u00e3o e repara\u00e7\u00e3o<br \/>\nEst\u00e9tica e funcional<\/p>\n<ul>\n<li>Impossibilidade de inunda\u00e7\u00e3o em caso de fuga de \u00e1gua<\/li>\n<li>Acesso f\u00e1cil e c\u00f3modo para o utilizador<\/li>\n<li>Espa\u00e7o para guardar qu\u00edmicos ou outro material de limpeza<\/li>\n<li>Possibilidade de acrescentar facilmente outros produtos como bomba doseadora ou aparelhos de sal<\/li>\n<li>Op\u00e7\u00e3o caseta montada com equipamento Superpool.<\/li>\n<\/ul>\n","protected":false},"excerpt":{"rendered":"<p>F\u00e1cil acesso e instala\u00e7\u00e3o F\u00e1cil manuten\u00e7\u00e3o e repara\u00e7\u00e3o Est\u00e9tica e [&hellip;]<\/p>\n","protected":false},"featured_media":572,"template":"","meta":[],"_links":{"self":[{"href":"https:\/\/rotinaspiscinas.pt\/index.php\/wp-json\/wp\/v2\/product\/571"}],"collection":[{"href":"https:\/\/rotinaspiscinas.pt\/index.php\/wp-json\/wp\/v2\/product"}],"about":[{"href":"https:\/\/rotinaspiscinas.pt\/index.php\/wp-json\/wp\/v2\/types\/product"}],"wp:featuredmedia":[{"embeddable":true,"href":"https:\/\/rotinaspiscinas.pt\/index.php\/wp-json\/wp\/v2\/media\/572"}],"wp:attachment":[{"href":"https:\/\/rotinaspiscinas.pt\/index.php\/wp-json\/wp\/v2\/media?parent=571"}],"curies":[{"name":"wp","href":"https:\/\/api.w.org\/{rel}","templated":true}]}}