{"id":575,"date":"2021-03-13T19:49:24","date_gmt":"2021-03-13T19:49:24","guid":{"rendered":"https:\/\/rotinaspiscinas.pt\/?post_type=product&#038;p=575"},"modified":"2021-03-13T19:49:24","modified_gmt":"2021-03-13T19:49:24","slug":"quadros-eletricos-gama-superpool","status":"publish","type":"product","link":"https:\/\/rotinaspiscinas.pt\/index.php\/product\/quadros-eletricos-gama-superpool\/","title":{"rendered":"QUADROS EL\u00c9TRICOS GAMA SUPERPOOL"},"content":{"rendered":"<p>Quadros estanques de IP65, resistentes aos jactos de \u00e1gua de todas as dire\u00e7\u00f5es.<\/p>\n<ul>\n<li>Caixa em ABS de janela fumada com prote\u00e7\u00e3o UV.<\/li>\n<li>Fus\u00edvel em linha para prote\u00e7\u00e3o do circuito de comando.<\/li>\n<li>Transformadores de tipo classe II.<\/li>\n<\/ul>\n<p>OutputC6 + Disjuntor para ligar aparelho de sal ou bomba doseadora encravado na filtra\u00e7\u00e3o.<\/p>\n<ul>\n<li>QUADROS SIMPLES SEM DIFERENCIAL<br \/>\n(POSSIBILIDADE DE LIGA\u00c7\u00c3O MONOF\u00c1SICA OU TRIF\u00c1SICA<\/li>\n<li>QUADROS COM PROTE\u00c7\u00c3O DIFERENCIAL<\/li>\n<\/ul>\n","protected":false},"excerpt":{"rendered":"<p>Quadros estanques de IP65, resistentes aos jactos de \u00e1gua de [&hellip;]<\/p>\n","protected":false},"featured_media":578,"template":"","meta":[],"_links":{"self":[{"href":"https:\/\/rotinaspiscinas.pt\/index.php\/wp-json\/wp\/v2\/product\/575"}],"collection":[{"href":"https:\/\/rotinaspiscinas.pt\/index.php\/wp-json\/wp\/v2\/product"}],"about":[{"href":"https:\/\/rotinaspiscinas.pt\/index.php\/wp-json\/wp\/v2\/types\/product"}],"wp:featuredmedia":[{"embeddable":true,"href":"https:\/\/rotinaspiscinas.pt\/index.php\/wp-json\/wp\/v2\/media\/578"}],"wp:attachment":[{"href":"https:\/\/rotinaspiscinas.pt\/index.php\/wp-json\/wp\/v2\/media?parent=575"}],"curies":[{"name":"wp","href":"https:\/\/api.w.org\/{rel}","templated":true}]}}