{"id":577,"date":"2021-03-13T19:50:36","date_gmt":"2021-03-13T19:50:36","guid":{"rendered":"https:\/\/rotinaspiscinas.pt\/?post_type=product&#038;p=577"},"modified":"2021-03-13T19:50:36","modified_gmt":"2021-03-13T19:50:36","slug":"filtros-hayward-pro-top","status":"publish","type":"product","link":"https:\/\/rotinaspiscinas.pt\/index.php\/product\/filtros-hayward-pro-top\/","title":{"rendered":"Filtros Hayward Pro Top"},"content":{"rendered":"<p>V\u00e1lvula de Topo<\/p>\n<p>Os filtros de areia Hayward Pro Series resultam da mais recente<br \/>\ntecnologia de extrus\u00e3o por sopragem, segundo as normas mais<br \/>\nexigentes do mercado, para que a sua \u00e1gua esteja sempre l\u00edmpida<br \/>\ncom um m\u00ednimo de manuten\u00e7\u00e3o.<\/p>\n<ul>\n<li>V\u00e1lvula de 6 vias com man\u00f3metro de topo<\/li>\n<li>Purgador Autom\u00e1tico<\/li>\n<li>Press\u00e3o M\u00e1xima &#8211; 3,5 bars<\/li>\n<li>Cuba Anticorros\u00e3o, base injectada em ABS para um perfeito assento do filtro<\/li>\n<li>Garantia de 10 anos para cuba<\/li>\n<\/ul>\n","protected":false},"excerpt":{"rendered":"<p>V\u00e1lvula de Topo Os filtros de areia Hayward Pro Series [&hellip;]<\/p>\n","protected":false},"featured_media":581,"template":"","meta":[],"_links":{"self":[{"href":"https:\/\/rotinaspiscinas.pt\/index.php\/wp-json\/wp\/v2\/product\/577"}],"collection":[{"href":"https:\/\/rotinaspiscinas.pt\/index.php\/wp-json\/wp\/v2\/product"}],"about":[{"href":"https:\/\/rotinaspiscinas.pt\/index.php\/wp-json\/wp\/v2\/types\/product"}],"wp:featuredmedia":[{"embeddable":true,"href":"https:\/\/rotinaspiscinas.pt\/index.php\/wp-json\/wp\/v2\/media\/581"}],"wp:attachment":[{"href":"https:\/\/rotinaspiscinas.pt\/index.php\/wp-json\/wp\/v2\/media?parent=577"}],"curies":[{"name":"wp","href":"https:\/\/api.w.org\/{rel}","templated":true}]}}