{"id":579,"date":"2021-03-13T19:49:50","date_gmt":"2021-03-13T19:49:50","guid":{"rendered":"https:\/\/rotinaspiscinas.pt\/?post_type=product&#038;p=579"},"modified":"2021-03-13T19:49:51","modified_gmt":"2021-03-13T19:49:51","slug":"filtros-hayward-pros-sides","status":"publish","type":"product","link":"https:\/\/rotinaspiscinas.pt\/index.php\/product\/filtros-hayward-pros-sides\/","title":{"rendered":"Filtros Hayward Pros Sides"},"content":{"rendered":"<p>V\u00e1lvula Lateral<\/p>\n<p>Os filtros de areia Hayward Pro Series resultam da mais recente tecnologia de extrus\u00e3o por sopragem, segundo as normas mais exigentes do mercado, para que a sua \u00e1gua esteja sempre l\u00edmpida com um m\u00ednimo de manuten\u00e7\u00e3o.<\/p>\n<ul>\n<li>V\u00e1lvula de 7 vias com man\u00f3metro<\/li>\n<li>Purgador Autom\u00e1tico<\/li>\n<li>Press\u00e3o M\u00e1xima &#8211; 3,5 bars<\/li>\n<li>Cuba Anticorros\u00e3o, base injectada em ABS para um perfeito assento do filtro<\/li>\n<li>Garantia de 10 anos para cuba<\/li>\n<\/ul>\n","protected":false},"excerpt":{"rendered":"<p>V\u00e1lvula Lateral Os filtros de areia Hayward Pro Series resultam [&hellip;]<\/p>\n","protected":false},"featured_media":580,"template":"","meta":[],"_links":{"self":[{"href":"https:\/\/rotinaspiscinas.pt\/index.php\/wp-json\/wp\/v2\/product\/579"}],"collection":[{"href":"https:\/\/rotinaspiscinas.pt\/index.php\/wp-json\/wp\/v2\/product"}],"about":[{"href":"https:\/\/rotinaspiscinas.pt\/index.php\/wp-json\/wp\/v2\/types\/product"}],"wp:featuredmedia":[{"embeddable":true,"href":"https:\/\/rotinaspiscinas.pt\/index.php\/wp-json\/wp\/v2\/media\/580"}],"wp:attachment":[{"href":"https:\/\/rotinaspiscinas.pt\/index.php\/wp-json\/wp\/v2\/media?parent=579"}],"curies":[{"name":"wp","href":"https:\/\/api.w.org\/{rel}","templated":true}]}}