{"id":582,"date":"2021-03-13T19:51:07","date_gmt":"2021-03-13T19:51:07","guid":{"rendered":"https:\/\/rotinaspiscinas.pt\/?post_type=product&#038;p=582"},"modified":"2021-03-13T19:51:07","modified_gmt":"2021-03-13T19:51:07","slug":"filtro-superpool-ii","status":"publish","type":"product","link":"https:\/\/rotinaspiscinas.pt\/index.php\/product\/filtro-superpool-ii\/","title":{"rendered":"Filtro Superpool II"},"content":{"rendered":"<ul>\n<li>Base em pl\u00e1stico injetado para uma perfeita instala\u00e7\u00e3o<\/li>\n<li>Filtro poliester laminado, de grande resist\u00eancia aos raios UV,<br \/>\nprodutos qu\u00edmicos e intemp\u00e9ries.<\/li>\n<li>Tampa transparente com fecho de de anel roscado.<\/li>\n<li>Man\u00f3metro e purga de ar na tampa.<\/li>\n<li>V\u00e1lvula lateral de 6 vias<\/li>\n<li>Press\u00e3o m\u00e1xima 2,5 Bar<\/li>\n<li>Temperatura m\u00e1xima 43 \u00baC<\/li>\n<\/ul>\n","protected":false},"excerpt":{"rendered":"<p>Base em pl\u00e1stico injetado para uma perfeita instala\u00e7\u00e3o Filtro poliester [&hellip;]<\/p>\n","protected":false},"featured_media":584,"template":"","meta":[],"_links":{"self":[{"href":"https:\/\/rotinaspiscinas.pt\/index.php\/wp-json\/wp\/v2\/product\/582"}],"collection":[{"href":"https:\/\/rotinaspiscinas.pt\/index.php\/wp-json\/wp\/v2\/product"}],"about":[{"href":"https:\/\/rotinaspiscinas.pt\/index.php\/wp-json\/wp\/v2\/types\/product"}],"wp:featuredmedia":[{"embeddable":true,"href":"https:\/\/rotinaspiscinas.pt\/index.php\/wp-json\/wp\/v2\/media\/584"}],"wp:attachment":[{"href":"https:\/\/rotinaspiscinas.pt\/index.php\/wp-json\/wp\/v2\/media?parent=582"}],"curies":[{"name":"wp","href":"https:\/\/api.w.org\/{rel}","templated":true}]}}