{"id":583,"date":"2021-03-13T19:51:40","date_gmt":"2021-03-13T19:51:40","guid":{"rendered":"https:\/\/rotinaspiscinas.pt\/?post_type=product&#038;p=583"},"modified":"2021-03-13T19:51:41","modified_gmt":"2021-03-13T19:51:41","slug":"filtro-laminado-hayward-hl-tl","status":"publish","type":"product","link":"https:\/\/rotinaspiscinas.pt\/index.php\/product\/filtro-laminado-hayward-hl-tl\/","title":{"rendered":"FILTRO LAMINADO HAYWARD HL\/TL"},"content":{"rendered":"<p>Hidr\u00e1ulica otimizada para uma filtra\u00e7\u00e3o de alta qualidade<\/p>\n<ul>\n<li>Filtro laminado em poli\u00e9ster refor\u00e7ado com fibra de vidro. Gama constitu\u00edda por quatro refer\u00eancias apropriadas para piscinas de at\u00e9 189m\u00b3 de volume.<\/li>\n<li>Sistema de fecho ultrarr\u00e1pido \u2018\u2018twist Lock\u2019\u2019<\/li>\n<li>Reparti\u00e7\u00e3o \u00f3tima da \u00e1gua no meio filtrante, gra\u00e7as ao difusor Dual-Site<\/li>\n<li>Bra\u00e7o coletor de liga\u00e7\u00e3o r\u00e1pida &#8211; substitui\u00e7\u00e3o f\u00e1cil<\/li>\n<li>Junta interior monobloco, pe\u00e7as n\u00e3o coladas<\/li>\n<li>Dreno largo, manuten\u00e7\u00e3o f\u00e1cil, n\u00e3o \u00e9 necess\u00e1ria qualquer ferramenta<\/li>\n<\/ul>\n","protected":false},"excerpt":{"rendered":"<p>Hidr\u00e1ulica otimizada para uma filtra\u00e7\u00e3o de alta qualidade Filtro laminado [&hellip;]<\/p>\n","protected":false},"featured_media":585,"template":"","meta":[],"_links":{"self":[{"href":"https:\/\/rotinaspiscinas.pt\/index.php\/wp-json\/wp\/v2\/product\/583"}],"collection":[{"href":"https:\/\/rotinaspiscinas.pt\/index.php\/wp-json\/wp\/v2\/product"}],"about":[{"href":"https:\/\/rotinaspiscinas.pt\/index.php\/wp-json\/wp\/v2\/types\/product"}],"wp:featuredmedia":[{"embeddable":true,"href":"https:\/\/rotinaspiscinas.pt\/index.php\/wp-json\/wp\/v2\/media\/585"}],"wp:attachment":[{"href":"https:\/\/rotinaspiscinas.pt\/index.php\/wp-json\/wp\/v2\/media?parent=583"}],"curies":[{"name":"wp","href":"https:\/\/api.w.org\/{rel}","templated":true}]}}